{"id":9941,"date":"2025-10-09T00:00:00","date_gmt":"2025-10-08T22:00:00","guid":{"rendered":"https:\/\/yotavis.ch\/product\/ms2034b\/"},"modified":"2026-04-24T13:38:05","modified_gmt":"2026-04-24T11:38:05","slug":"ms2034b","status":"publish","type":"product","link":"https:\/\/yotavis.ch\/fr\/produit\/ms2034b\/","title":{"rendered":"MS2034B"},"content":{"rendered":"<p>L'Anritsu MS2034B est un analyseur de r\u00e9seau vectoriel portable qui fonctionne avec une fr\u00e9quence maximale de 4 GHz et une fr\u00e9quence minimale de 500 kHz. Il est dot\u00e9 de deux ports et offre une plage dynamique de 100 dB, ce qui le rend adapt\u00e9 \u00e0 diverses applications de mesure. Ce dispositif est con\u00e7u pour \u00eatre portable et abordable, ce qui est pratique pour les utilisateurs qui ont besoin de mobilit\u00e9 dans leur \u00e9quipement de test. Le MS2034B combine les capacit\u00e9s d'un analyseur de r\u00e9seau vectoriel avec l'analyse de spectre, ce qui permet une utilisation polyvalente sur le terrain. Sa taille compacte et sa conception portable facilitent son utilisation dans diff\u00e9rents environnements. L'analyseur prend en charge une large gamme de fr\u00e9quences, permettant une analyse d\u00e9taill\u00e9e des composants et des syst\u00e8mes dans sa bande passante op\u00e9rationnelle. Dans l'ensemble, le MS2034B int\u00e8gre les fonctions essentielles d'analyse de r\u00e9seau et de spectre dans un format portable.<\/p>","protected":false},"excerpt":{"rendered":"<p>VNA portable et abordable 4GHz + Spectre<\/p>","protected":false},"featured_media":10289,"comment_status":"closed","ping_status":"closed","template":"","meta":{"_acf_changed":false,"slim_seo":{"title":"MS2034B - YOTAVIS AG","description":"VNA portable et abordable 4GHz + Spectre"}},"product_brand":[758],"product_cat":[523,525],"product_tag":[],"class_list":{"0":"post-9941","1":"product","2":"type-product","3":"status-publish","4":"has-post-thumbnail","6":"product_brand-anritsu","7":"product_cat-analyser","8":"product_cat-vna","9":"pa_dynamic-range-db-253","10":"pa_frequency-max-mhz-773","11":"pa_frequency-min-hz-818","12":"pa_handheld-yes","13":"pa_ports-188","15":"first","16":"instock","17":"taxable","18":"shipping-taxable","19":"product-type-simple"},"acf":[],"_links":{"self":[{"href":"https:\/\/yotavis.ch\/fr\/wp-json\/wp\/v2\/product\/9941","targetHints":{"allow":["GET"]}}],"collection":[{"href":"https:\/\/yotavis.ch\/fr\/wp-json\/wp\/v2\/product"}],"about":[{"href":"https:\/\/yotavis.ch\/fr\/wp-json\/wp\/v2\/types\/product"}],"replies":[{"embeddable":true,"href":"https:\/\/yotavis.ch\/fr\/wp-json\/wp\/v2\/comments?post=9941"}],"wp:featuredmedia":[{"embeddable":true,"href":"https:\/\/yotavis.ch\/fr\/wp-json\/wp\/v2\/media\/10289"}],"wp:attachment":[{"href":"https:\/\/yotavis.ch\/fr\/wp-json\/wp\/v2\/media?parent=9941"}],"wp:term":[{"taxonomy":"product_brand","embeddable":true,"href":"https:\/\/yotavis.ch\/fr\/wp-json\/wp\/v2\/product_brand?post=9941"},{"taxonomy":"product_cat","embeddable":true,"href":"https:\/\/yotavis.ch\/fr\/wp-json\/wp\/v2\/product_cat?post=9941"},{"taxonomy":"product_tag","embeddable":true,"href":"https:\/\/yotavis.ch\/fr\/wp-json\/wp\/v2\/product_tag?post=9941"}],"curies":[{"name":"wp","href":"https:\/\/api.w.org\/{rel}","templated":true}]}}