{"id":10421,"date":"2025-10-09T00:00:00","date_gmt":"2025-10-08T22:00:00","guid":{"rendered":"https:\/\/yotavis.ch\/product\/it-m3145\/"},"modified":"2026-04-24T13:38:49","modified_gmt":"2026-04-24T11:38:49","slug":"it-m3145","status":"publish","type":"product","link":"https:\/\/yotavis.ch\/it\/prodotto\/it-m3145\/","title":{"rendered":"IT-M3145"},"content":{"rendered":"<p>L'IT-M3145 \u00e8 un alimentatore CC di ITECH progettato per fornire una potenza massima di 3000 watt. Funziona a una tensione di 600 volt e pu\u00f2 fornire una corrente fino a 10 ampere. Questo modello \u00e8 dotato di un singolo canale di uscita, che consente un'erogazione mirata della potenza. Inoltre, supporta la funzionalit\u00e0 di controllo remoto, consentendo agli utenti di azionare il dispositivo a distanza. La combinazione delle sue specifiche di tensione, corrente e potenza lo rende adatto ad applicazioni che richiedono un'alimentazione in corrente continua stabile e ad alta capacit\u00e0. Il dispositivo \u00e8 progettato per soddisfare requisiti elettrici specifici con precisione e affidabilit\u00e0.<\/p>","protected":false},"excerpt":{"rendered":"<p>Alimentazione CC 600V\/10A\/3000W<\/p>","protected":false},"featured_media":11122,"comment_status":"closed","ping_status":"closed","template":"","meta":{"_acf_changed":false,"slim_seo":{"title":"IT-M3145 - YOTAVIS AG","description":"Alimentazione CC 600V\/10A\/3000W"}},"product_brand":[822],"product_cat":[516,515],"product_tag":[],"class_list":{"0":"post-10421","1":"product","2":"type-product","3":"status-publish","4":"has-post-thumbnail","6":"product_brand-itech","7":"product_cat-dc-source-en","8":"product_cat-power-en","9":"pa_current-a-397","10":"pa_output-number-146","11":"pa_power-w-632","12":"pa_remote-control-yes","13":"pa_voltage-v-920","15":"first","16":"instock","17":"taxable","18":"shipping-taxable","19":"product-type-simple"},"acf":[],"_links":{"self":[{"href":"https:\/\/yotavis.ch\/it\/wp-json\/wp\/v2\/product\/10421","targetHints":{"allow":["GET"]}}],"collection":[{"href":"https:\/\/yotavis.ch\/it\/wp-json\/wp\/v2\/product"}],"about":[{"href":"https:\/\/yotavis.ch\/it\/wp-json\/wp\/v2\/types\/product"}],"replies":[{"embeddable":true,"href":"https:\/\/yotavis.ch\/it\/wp-json\/wp\/v2\/comments?post=10421"}],"wp:featuredmedia":[{"embeddable":true,"href":"https:\/\/yotavis.ch\/it\/wp-json\/wp\/v2\/media\/11122"}],"wp:attachment":[{"href":"https:\/\/yotavis.ch\/it\/wp-json\/wp\/v2\/media?parent=10421"}],"wp:term":[{"taxonomy":"product_brand","embeddable":true,"href":"https:\/\/yotavis.ch\/it\/wp-json\/wp\/v2\/product_brand?post=10421"},{"taxonomy":"product_cat","embeddable":true,"href":"https:\/\/yotavis.ch\/it\/wp-json\/wp\/v2\/product_cat?post=10421"},{"taxonomy":"product_tag","embeddable":true,"href":"https:\/\/yotavis.ch\/it\/wp-json\/wp\/v2\/product_tag?post=10421"}],"curies":[{"name":"wp","href":"https:\/\/api.w.org\/{rel}","templated":true}]}}