{"id":10428,"date":"2025-10-09T00:00:00","date_gmt":"2025-10-08T22:00:00","guid":{"rendered":"https:\/\/yotavis.ch\/product\/it-m3233\/"},"modified":"2026-04-24T13:42:29","modified_gmt":"2026-04-24T11:42:29","slug":"it-m3233","status":"publish","type":"product","link":"https:\/\/yotavis.ch\/it\/prodotto\/it-m3233\/","title":{"rendered":"IT-M3233"},"content":{"rendered":"<p>L'IT-M3233 di ITECH \u00e8 un alimentatore CC progettato per fornire un'uscita massima di 60 volt e 10 ampere, con una capacit\u00e0 di potenza totale di 200 watt. \u00c8 dotato di un singolo canale di uscita, che consente una connettivit\u00e0 e un funzionamento semplici. Questo modello supporta la funzionalit\u00e0 di controllo remoto, consentendo agli utenti di gestire le impostazioni dell'alimentatore a distanza. Il dispositivo \u00e8 stato progettato per gestire una potenza di uscita costante, rendendolo adatto a varie applicazioni che richiedono un'alimentazione CC stabile. Grazie ai valori nominali di tensione e corrente, l'IT-M3233 \u00e8 in grado di soddisfare una serie di esigenze di test e sviluppo elettronico. L'inclusione di un telecomando ne migliora l'utilizzabilit\u00e0 nelle configurazioni automatizzate o difficili da raggiungere. Nel complesso, questo alimentatore offre una serie di caratteristiche mirate, incentrate sulla fornitura di un'alimentazione CC affidabile con funzionalit\u00e0 di funzionamento a distanza.<\/p>","protected":false},"excerpt":{"rendered":"<p>Alimentazione DC 60V\/10A\/200W<\/p>","protected":false},"featured_media":11126,"comment_status":"closed","ping_status":"closed","template":"","meta":{"_acf_changed":false,"slim_seo":{"title":"IT-M3233 - YOTAVIS AG","description":"Alimentazione DC 60V\/10A\/200W"}},"product_brand":[822],"product_cat":[516,515],"product_tag":[],"class_list":{"0":"post-10428","1":"product","2":"type-product","3":"status-publish","4":"has-post-thumbnail","6":"product_brand-itech","7":"product_cat-dc-source-en","8":"product_cat-power-en","9":"pa_current-a-397","10":"pa_output-number-146","11":"pa_power-w-414","12":"pa_remote-control-yes","13":"pa_voltage-v-314","15":"first","16":"instock","17":"taxable","18":"shipping-taxable","19":"product-type-simple"},"acf":[],"_links":{"self":[{"href":"https:\/\/yotavis.ch\/it\/wp-json\/wp\/v2\/product\/10428","targetHints":{"allow":["GET"]}}],"collection":[{"href":"https:\/\/yotavis.ch\/it\/wp-json\/wp\/v2\/product"}],"about":[{"href":"https:\/\/yotavis.ch\/it\/wp-json\/wp\/v2\/types\/product"}],"replies":[{"embeddable":true,"href":"https:\/\/yotavis.ch\/it\/wp-json\/wp\/v2\/comments?post=10428"}],"wp:featuredmedia":[{"embeddable":true,"href":"https:\/\/yotavis.ch\/it\/wp-json\/wp\/v2\/media\/11126"}],"wp:attachment":[{"href":"https:\/\/yotavis.ch\/it\/wp-json\/wp\/v2\/media?parent=10428"}],"wp:term":[{"taxonomy":"product_brand","embeddable":true,"href":"https:\/\/yotavis.ch\/it\/wp-json\/wp\/v2\/product_brand?post=10428"},{"taxonomy":"product_cat","embeddable":true,"href":"https:\/\/yotavis.ch\/it\/wp-json\/wp\/v2\/product_cat?post=10428"},{"taxonomy":"product_tag","embeddable":true,"href":"https:\/\/yotavis.ch\/it\/wp-json\/wp\/v2\/product_tag?post=10428"}],"curies":[{"name":"wp","href":"https:\/\/api.w.org\/{rel}","templated":true}]}}