{"id":10438,"date":"2025-10-09T00:00:00","date_gmt":"2025-10-08T22:00:00","guid":{"rendered":"https:\/\/yotavis.ch\/product\/it-m3333\/"},"modified":"2026-04-24T13:42:32","modified_gmt":"2026-04-24T11:42:32","slug":"it-m3333","status":"publish","type":"product","link":"https:\/\/yotavis.ch\/it\/prodotto\/it-m3333\/","title":{"rendered":"IT-M3333"},"content":{"rendered":"<p>L'ITECH IT-M3333 \u00e8 un carico rigenerativo in corrente continua progettato per gestire una tensione massima di 150V e una corrente di 12A, con una capacit\u00e0 di potenza di 800W. \u00c8 dotato di un singolo canale di uscita che consente un funzionamento mirato ed efficiente. Questo dispositivo supporta la funzionalit\u00e0 di controllo remoto, consentendo agli utenti di azionarlo a distanza per comodit\u00e0 e flessibilit\u00e0. Il carico rigenerativo \u00e8 adatto per le applicazioni che richiedono un controllo preciso della potenza CC con la capacit\u00e0 di recuperare l'energia. Le sue specifiche evidenziano la capacit\u00e0 di gestire carichi elettrici consistenti mantenendo la stabilit\u00e0 operativa. La combinazione di valori nominali di tensione, corrente e potenza lo rende adatto a vari scenari di test e misura in cui \u00e8 necessario un carico controllato in corrente continua. L'inclusione del controllo remoto ne aumenta l'utilizzabilit\u00e0 in ambienti di test automatizzati o complessi.<\/p>","protected":false},"excerpt":{"rendered":"<p>Carico rigenerativo 150V\/12A\/800W DC<\/p>","protected":false},"featured_media":11130,"comment_status":"closed","ping_status":"closed","template":"","meta":{"_acf_changed":false,"slim_seo":{"title":"IT-M3333 - YOTAVIS AG","description":"Carico rigenerativo 150V\/12A\/800W DC"}},"product_brand":[822],"product_cat":[517,515],"product_tag":[],"class_list":{"0":"post-10438","1":"product","2":"type-product","3":"status-publish","4":"has-post-thumbnail","6":"product_brand-itech","7":"product_cat-dc-load-en","8":"product_cat-power-en","9":"pa_current-a-578","10":"pa_output-number-146","11":"pa_power-w-556","12":"pa_remote-control-yes","13":"pa_voltage-v-150","15":"first","16":"instock","17":"taxable","18":"shipping-taxable","19":"product-type-simple"},"acf":[],"_links":{"self":[{"href":"https:\/\/yotavis.ch\/it\/wp-json\/wp\/v2\/product\/10438","targetHints":{"allow":["GET"]}}],"collection":[{"href":"https:\/\/yotavis.ch\/it\/wp-json\/wp\/v2\/product"}],"about":[{"href":"https:\/\/yotavis.ch\/it\/wp-json\/wp\/v2\/types\/product"}],"replies":[{"embeddable":true,"href":"https:\/\/yotavis.ch\/it\/wp-json\/wp\/v2\/comments?post=10438"}],"wp:featuredmedia":[{"embeddable":true,"href":"https:\/\/yotavis.ch\/it\/wp-json\/wp\/v2\/media\/11130"}],"wp:attachment":[{"href":"https:\/\/yotavis.ch\/it\/wp-json\/wp\/v2\/media?parent=10438"}],"wp:term":[{"taxonomy":"product_brand","embeddable":true,"href":"https:\/\/yotavis.ch\/it\/wp-json\/wp\/v2\/product_brand?post=10438"},{"taxonomy":"product_cat","embeddable":true,"href":"https:\/\/yotavis.ch\/it\/wp-json\/wp\/v2\/product_cat?post=10438"},{"taxonomy":"product_tag","embeddable":true,"href":"https:\/\/yotavis.ch\/it\/wp-json\/wp\/v2\/product_tag?post=10438"}],"curies":[{"name":"wp","href":"https:\/\/api.w.org\/{rel}","templated":true}]}}