{"id":10465,"date":"2025-10-09T00:00:00","date_gmt":"2025-10-08T22:00:00","guid":{"rendered":"https:\/\/yotavis.ch\/product\/it-m3634\/"},"modified":"2026-04-24T13:42:43","modified_gmt":"2026-04-24T11:42:43","slug":"it-m3634","status":"publish","type":"product","link":"https:\/\/yotavis.ch\/it\/prodotto\/it-m3634\/","title":{"rendered":"IT-M3634"},"content":{"rendered":"<p>L'IT-M3634 di ITECH \u00e8 un sistema di alimentazione rigenerativa progettato per funzionare a 300 volt e 6 ampere, con una potenza di 800 watt. \u00c8 dotato di un singolo canale di uscita e supporta le modalit\u00e0 source e sink con commutazione continua in modalit\u00e0 source, mentre la modalit\u00e0 di carico indipendente \u00e8 rigenerativa. Questo sistema consente il funzionamento a distanza, migliorando la sua utilizzabilit\u00e0 in varie applicazioni. Il progetto si concentra sulla gestione efficiente dell'energia, consentendo la rigenerazione dell'energia durante la modalit\u00e0 di carico. La capacit\u00e0 di passare da un'alimentazione all'altra senza interruzioni lo rende adatto ad ambienti di test e simulazione in cui sono richieste condizioni di alimentazione dinamiche. La combinazione di specifiche di tensione, corrente e potenza garantisce una gestione efficace di richieste di potenza moderate.<\/p>","protected":false},"excerpt":{"rendered":"<p>Sistema di alimentazione rigenerativa 300V\/6A\/800W (modalit\u00e0 SOURCE: interruttore source e sink senza soluzione di continuit\u00e0 \/ modalit\u00e0 LOAD indipendente: rigenerativa)<\/p>","protected":false},"featured_media":11157,"comment_status":"closed","ping_status":"closed","template":"","meta":{"_acf_changed":false,"slim_seo":{"title":"IT-M3634 - YOTAVIS AG","description":"Sistema di alimentazione rigenerativa 300V\/6A\/800W (modalit\u00e0 SOURCE: interruttore source e sink senza soluzione di continuit\u00e0 \/ modalit\u00e0 LOAD indipendente: rigenerativa)"}},"product_brand":[822],"product_cat":[546,515],"product_tag":[],"class_list":{"0":"post-10465","1":"product","2":"type-product","3":"status-publish","4":"has-post-thumbnail","6":"product_brand-itech","7":"product_cat-dc-2-quadrants-en","8":"product_cat-power-en","9":"pa_current-a-399","10":"pa_output-number-146","11":"pa_power-w-556","12":"pa_remote-control-yes","13":"pa_voltage-v-624","15":"first","16":"instock","17":"taxable","18":"shipping-taxable","19":"product-type-simple"},"acf":[],"_links":{"self":[{"href":"https:\/\/yotavis.ch\/it\/wp-json\/wp\/v2\/product\/10465","targetHints":{"allow":["GET"]}}],"collection":[{"href":"https:\/\/yotavis.ch\/it\/wp-json\/wp\/v2\/product"}],"about":[{"href":"https:\/\/yotavis.ch\/it\/wp-json\/wp\/v2\/types\/product"}],"replies":[{"embeddable":true,"href":"https:\/\/yotavis.ch\/it\/wp-json\/wp\/v2\/comments?post=10465"}],"wp:featuredmedia":[{"embeddable":true,"href":"https:\/\/yotavis.ch\/it\/wp-json\/wp\/v2\/media\/11157"}],"wp:attachment":[{"href":"https:\/\/yotavis.ch\/it\/wp-json\/wp\/v2\/media?parent=10465"}],"wp:term":[{"taxonomy":"product_brand","embeddable":true,"href":"https:\/\/yotavis.ch\/it\/wp-json\/wp\/v2\/product_brand?post=10465"},{"taxonomy":"product_cat","embeddable":true,"href":"https:\/\/yotavis.ch\/it\/wp-json\/wp\/v2\/product_cat?post=10465"},{"taxonomy":"product_tag","embeddable":true,"href":"https:\/\/yotavis.ch\/it\/wp-json\/wp\/v2\/product_tag?post=10465"}],"curies":[{"name":"wp","href":"https:\/\/api.w.org\/{rel}","templated":true}]}}