{"id":10477,"date":"2025-10-09T00:00:00","date_gmt":"2025-10-08T22:00:00","guid":{"rendered":"https:\/\/yotavis.ch\/product\/it-m3802-80-40\/"},"modified":"2026-04-24T13:42:49","modified_gmt":"2026-04-24T11:42:49","slug":"it-m3802-80-40","status":"publish","type":"product","link":"https:\/\/yotavis.ch\/it\/prodotto\/it-m3802-80-40\/","title":{"rendered":"IT-M3802-80-40"},"content":{"rendered":"<p>ITECH IT-M3802-80-40 \u00e8 un carico elettronico rigenerativo in corrente continua progettato per gestire una potenza massima di 2000 watt. Funziona con una tensione fino a 80 volt e supporta una corrente di 40 ampere. Questo dispositivo \u00e8 dotato di un singolo canale di uscita ed \u00e8 alloggiato in uno chassis compatto di dimensioni 1U. \u00c8 inclusa la funzionalit\u00e0 di controllo remoto, che consente un comodo funzionamento a distanza. Il carico elettronico \u00e8 adatto per applicazioni che richiedono un preciso assorbimento di potenza e test in varie condizioni elettriche. La sua capacit\u00e0 rigenerativa consente di reimmettere l'energia nella fonte di alimentazione, migliorando l'efficienza durante i processi di test. La combinazione delle sue specifiche di tensione, corrente e potenza lo rende uno strumento versatile per la valutazione di alimentatori e altri dispositivi di alimentazione in corrente continua.<\/p>","protected":false},"excerpt":{"rendered":"<p>Carico elettronico CC rigenerativo da 80 V, 40 A, 2 kW, formato 1U<\/p>","protected":false},"featured_media":11160,"comment_status":"closed","ping_status":"closed","template":"","meta":{"_acf_changed":false,"slim_seo":{"title":"IT-M3802-80-40 - YOTAVIS AG","description":"Carico elettronico CC rigenerativo da 80 V, 40 A, 2 kW, formato 1U"}},"product_brand":[822],"product_cat":[517,515],"product_tag":[],"class_list":{"0":"post-10477","1":"product","2":"type-product","3":"status-publish","4":"has-post-thumbnail","6":"product_brand-itech","7":"product_cat-dc-load-en","8":"product_cat-power-en","9":"pa_current-a-550","10":"pa_output-number-146","11":"pa_power-w-561","12":"pa_remote-control-yes","13":"pa_voltage-v-155","15":"first","16":"instock","17":"taxable","18":"shipping-taxable","19":"product-type-simple"},"acf":[],"_links":{"self":[{"href":"https:\/\/yotavis.ch\/it\/wp-json\/wp\/v2\/product\/10477","targetHints":{"allow":["GET"]}}],"collection":[{"href":"https:\/\/yotavis.ch\/it\/wp-json\/wp\/v2\/product"}],"about":[{"href":"https:\/\/yotavis.ch\/it\/wp-json\/wp\/v2\/types\/product"}],"replies":[{"embeddable":true,"href":"https:\/\/yotavis.ch\/it\/wp-json\/wp\/v2\/comments?post=10477"}],"wp:featuredmedia":[{"embeddable":true,"href":"https:\/\/yotavis.ch\/it\/wp-json\/wp\/v2\/media\/11160"}],"wp:attachment":[{"href":"https:\/\/yotavis.ch\/it\/wp-json\/wp\/v2\/media?parent=10477"}],"wp:term":[{"taxonomy":"product_brand","embeddable":true,"href":"https:\/\/yotavis.ch\/it\/wp-json\/wp\/v2\/product_brand?post=10477"},{"taxonomy":"product_cat","embeddable":true,"href":"https:\/\/yotavis.ch\/it\/wp-json\/wp\/v2\/product_cat?post=10477"},{"taxonomy":"product_tag","embeddable":true,"href":"https:\/\/yotavis.ch\/it\/wp-json\/wp\/v2\/product_tag?post=10477"}],"curies":[{"name":"wp","href":"https:\/\/api.w.org\/{rel}","templated":true}]}}