{"id":10481,"date":"2025-10-09T00:00:00","date_gmt":"2025-10-08T22:00:00","guid":{"rendered":"https:\/\/yotavis.ch\/product\/it-m3802-300-20\/"},"modified":"2026-04-24T13:42:51","modified_gmt":"2026-04-24T11:42:51","slug":"it-m3802-300-20","status":"publish","type":"product","link":"https:\/\/yotavis.ch\/it\/prodotto\/it-m3802-300-20\/","title":{"rendered":"IT-M3802-300-20"},"content":{"rendered":"<p>L'ITECH IT-M3802-300-20 \u00e8 un carico elettronico rigenerativo in corrente continua progettato per gestire una tensione massima di 300 V e una corrente di 20 A, con una capacit\u00e0 di alimentazione di 2000 W. \u00c8 dotato di un singolo canale di uscita ed \u00e8 costruito in un formato compatto 1U, che lo rende adatto a vari ambienti di test in cui l'efficienza dello spazio \u00e8 importante. Questo modello supporta la funzionalit\u00e0 di controllo remoto, consentendo un funzionamento comodo e l'integrazione in sistemi di test automatizzati. Il dispositivo \u00e8 stato progettato per fornire prestazioni affidabili nelle applicazioni che richiedono una simulazione precisa del carico e della dissipazione di potenza. La sua capacit\u00e0 rigenerativa consente di restituire energia alla fonte di alimentazione, migliorando l'efficienza complessiva del sistema. L'IT-M3802-300-20 fa parte della linea di prodotti ITECH, nota per la sua attenzione alle apparecchiature di prova elettroniche. Questo carico elettronico \u00e8 progettato per soddisfare le esigenze di collaudo di alimentatori, batterie e altre sorgenti di alimentazione in c.c. nell'intervallo di tensione e corrente specificato.<\/p>","protected":false},"excerpt":{"rendered":"<p>Carico elettronico CC rigenerativo da 300 V, 20 A, 2 kW, formato 1U<\/p>","protected":false},"featured_media":11160,"comment_status":"closed","ping_status":"closed","template":"","meta":{"_acf_changed":false,"slim_seo":{"title":"IT-M3802-300-20 - YOTAVIS AG","description":"Carico elettronico CC rigenerativo da 300 V, 20 A, 2 kW, formato 1U"}},"product_brand":[822],"product_cat":[517,515],"product_tag":[],"class_list":{"0":"post-10481","1":"product","2":"type-product","3":"status-publish","4":"has-post-thumbnail","6":"product_brand-itech","7":"product_cat-dc-load-en","8":"product_cat-power-en","9":"pa_current-a-552","10":"pa_output-number-146","11":"pa_power-w-561","12":"pa_remote-control-yes","13":"pa_voltage-v-624","15":"first","16":"instock","17":"taxable","18":"shipping-taxable","19":"product-type-simple"},"acf":[],"_links":{"self":[{"href":"https:\/\/yotavis.ch\/it\/wp-json\/wp\/v2\/product\/10481","targetHints":{"allow":["GET"]}}],"collection":[{"href":"https:\/\/yotavis.ch\/it\/wp-json\/wp\/v2\/product"}],"about":[{"href":"https:\/\/yotavis.ch\/it\/wp-json\/wp\/v2\/types\/product"}],"replies":[{"embeddable":true,"href":"https:\/\/yotavis.ch\/it\/wp-json\/wp\/v2\/comments?post=10481"}],"wp:featuredmedia":[{"embeddable":true,"href":"https:\/\/yotavis.ch\/it\/wp-json\/wp\/v2\/media\/11160"}],"wp:attachment":[{"href":"https:\/\/yotavis.ch\/it\/wp-json\/wp\/v2\/media?parent=10481"}],"wp:term":[{"taxonomy":"product_brand","embeddable":true,"href":"https:\/\/yotavis.ch\/it\/wp-json\/wp\/v2\/product_brand?post=10481"},{"taxonomy":"product_cat","embeddable":true,"href":"https:\/\/yotavis.ch\/it\/wp-json\/wp\/v2\/product_cat?post=10481"},{"taxonomy":"product_tag","embeddable":true,"href":"https:\/\/yotavis.ch\/it\/wp-json\/wp\/v2\/product_tag?post=10481"}],"curies":[{"name":"wp","href":"https:\/\/api.w.org\/{rel}","templated":true}]}}