{"id":10499,"date":"2025-10-09T00:00:00","date_gmt":"2025-10-08T22:00:00","guid":{"rendered":"https:\/\/yotavis.ch\/product\/it-m3904d-32-160\/"},"modified":"2026-04-24T13:42:59","modified_gmt":"2026-04-24T11:42:59","slug":"it-m3904d-32-160","status":"publish","type":"product","link":"https:\/\/yotavis.ch\/it\/prodotto\/it-m3904d-32-160\/","title":{"rendered":"IT-M3904D-32-160"},"content":{"rendered":"<p>L'IT-M3904D-32-160 \u00e8 un alimentatore CC con una potenza di 4000 watt. Funziona a una tensione di 32 volt e pu\u00f2 erogare una corrente fino a 160 ampere. Questo modello \u00e8 dotato di un singolo canale di uscita ed \u00e8 progettato in un formato compatto 1U, che lo rende adatto al montaggio in rack. L'alimentatore supporta la funzionalit\u00e0 di controllo remoto, consentendo un comodo funzionamento e l'integrazione in sistemi automatizzati. Prodotta da ITECH, questa unit\u00e0 \u00e8 progettata per fornire un'alimentazione stabile e affidabile per varie applicazioni che richiedono corrente e tensione elevate. Le sue specifiche lo rendono adatto all'uso in ambienti in cui \u00e8 essenziale un'alimentazione CC precisa e costante.<\/p>","protected":false},"excerpt":{"rendered":"<p>Alimentatore CC da 32 V, 160 A, 4000 W, formato 1U<\/p>","protected":false},"featured_media":11166,"comment_status":"closed","ping_status":"closed","template":"","meta":{"_acf_changed":false,"slim_seo":{"title":"IT-M3904D-32-160 - YOTAVIS AG","description":"Alimentatore CC da 32 V, 160 A, 4000 W, formato 1U"}},"product_brand":[822],"product_cat":[516,515],"product_tag":[],"class_list":{"0":"post-10499","1":"product","2":"type-product","3":"status-publish","4":"has-post-thumbnail","6":"product_brand-itech","7":"product_cat-dc-source-en","8":"product_cat-power-en","9":"pa_current-a-620","10":"pa_output-number-146","11":"pa_power-w-611","12":"pa_remote-control-yes","13":"pa_voltage-v-140","15":"first","16":"instock","17":"taxable","18":"shipping-taxable","19":"product-type-simple"},"acf":[],"_links":{"self":[{"href":"https:\/\/yotavis.ch\/it\/wp-json\/wp\/v2\/product\/10499","targetHints":{"allow":["GET"]}}],"collection":[{"href":"https:\/\/yotavis.ch\/it\/wp-json\/wp\/v2\/product"}],"about":[{"href":"https:\/\/yotavis.ch\/it\/wp-json\/wp\/v2\/types\/product"}],"replies":[{"embeddable":true,"href":"https:\/\/yotavis.ch\/it\/wp-json\/wp\/v2\/comments?post=10499"}],"wp:featuredmedia":[{"embeddable":true,"href":"https:\/\/yotavis.ch\/it\/wp-json\/wp\/v2\/media\/11166"}],"wp:attachment":[{"href":"https:\/\/yotavis.ch\/it\/wp-json\/wp\/v2\/media?parent=10499"}],"wp:term":[{"taxonomy":"product_brand","embeddable":true,"href":"https:\/\/yotavis.ch\/it\/wp-json\/wp\/v2\/product_brand?post=10499"},{"taxonomy":"product_cat","embeddable":true,"href":"https:\/\/yotavis.ch\/it\/wp-json\/wp\/v2\/product_cat?post=10499"},{"taxonomy":"product_tag","embeddable":true,"href":"https:\/\/yotavis.ch\/it\/wp-json\/wp\/v2\/product_tag?post=10499"}],"curies":[{"name":"wp","href":"https:\/\/api.w.org\/{rel}","templated":true}]}}