{"id":10500,"date":"2025-10-09T00:00:00","date_gmt":"2025-10-08T22:00:00","guid":{"rendered":"https:\/\/yotavis.ch\/product\/it-m3906d-32-240\/"},"modified":"2026-04-24T13:42:59","modified_gmt":"2026-04-24T11:42:59","slug":"it-m3906d-32-240","status":"publish","type":"product","link":"https:\/\/yotavis.ch\/it\/prodotto\/it-m3906d-32-240\/","title":{"rendered":"IT-M3906D-32-240"},"content":{"rendered":"<p>L'ITECH IT-M3906D-32-240 \u00e8 un alimentatore CC progettato per fornire una potenza massima di 6000 watt. Funziona a una tensione di 32 volt e pu\u00f2 fornire una corrente fino a 240 ampere. Questo modello \u00e8 dotato di un singolo canale di uscita, che consente un'erogazione mirata della potenza. L'unit\u00e0 \u00e8 compatta, con un fattore di forma di 1U, che la rende adatta all'integrazione in varie configurazioni in cui l'efficienza dello spazio \u00e8 importante. Inoltre, supporta la funzionalit\u00e0 di controllo remoto, consentendo agli utenti di gestire l'alimentatore a distanza. La combinazione di elevata capacit\u00e0 di potenza e di controllo remoto rende questo dispositivo adatto a diverse applicazioni che richiedono un'alimentazione CC stabile e controllabile. Prodotto da ITECH, l'IT-M3906D-32-240 \u00e8 progettato per soddisfare requisiti di alimentazione specifici con precisione e affidabilit\u00e0.<\/p>","protected":false},"excerpt":{"rendered":"<p>PSU CC da 32 V, 240 A, 6000 W, formato 1U<\/p>","protected":false},"featured_media":11166,"comment_status":"closed","ping_status":"closed","template":"","meta":{"_acf_changed":false,"slim_seo":{"title":"IT-M3906D-32-240 - YOTAVIS AG","description":"PSU CC da 32 V, 240 A, 6000 W, formato 1U"}},"product_brand":[822],"product_cat":[516,515],"product_tag":[],"class_list":{"0":"post-10500","1":"product","2":"type-product","3":"status-publish","4":"has-post-thumbnail","6":"product_brand-itech","7":"product_cat-dc-source-en","8":"product_cat-power-en","9":"pa_current-a-634","10":"pa_output-number-146","11":"pa_power-w-626","12":"pa_remote-control-yes","13":"pa_voltage-v-140","15":"first","16":"instock","17":"taxable","18":"shipping-taxable","19":"product-type-simple"},"acf":[],"_links":{"self":[{"href":"https:\/\/yotavis.ch\/it\/wp-json\/wp\/v2\/product\/10500","targetHints":{"allow":["GET"]}}],"collection":[{"href":"https:\/\/yotavis.ch\/it\/wp-json\/wp\/v2\/product"}],"about":[{"href":"https:\/\/yotavis.ch\/it\/wp-json\/wp\/v2\/types\/product"}],"replies":[{"embeddable":true,"href":"https:\/\/yotavis.ch\/it\/wp-json\/wp\/v2\/comments?post=10500"}],"wp:featuredmedia":[{"embeddable":true,"href":"https:\/\/yotavis.ch\/it\/wp-json\/wp\/v2\/media\/11166"}],"wp:attachment":[{"href":"https:\/\/yotavis.ch\/it\/wp-json\/wp\/v2\/media?parent=10500"}],"wp:term":[{"taxonomy":"product_brand","embeddable":true,"href":"https:\/\/yotavis.ch\/it\/wp-json\/wp\/v2\/product_brand?post=10500"},{"taxonomy":"product_cat","embeddable":true,"href":"https:\/\/yotavis.ch\/it\/wp-json\/wp\/v2\/product_cat?post=10500"},{"taxonomy":"product_tag","embeddable":true,"href":"https:\/\/yotavis.ch\/it\/wp-json\/wp\/v2\/product_tag?post=10500"}],"curies":[{"name":"wp","href":"https:\/\/api.w.org\/{rel}","templated":true}]}}