{"id":10505,"date":"2025-10-09T00:00:00","date_gmt":"2025-10-08T22:00:00","guid":{"rendered":"https:\/\/yotavis.ch\/product\/it-m3912d-80-240\/"},"modified":"2026-04-24T13:43:01","modified_gmt":"2026-04-24T11:43:01","slug":"it-m3912d-80-240","status":"publish","type":"product","link":"https:\/\/yotavis.ch\/it\/prodotto\/it-m3912d-80-240\/","title":{"rendered":"IT-M3912D-80-240"},"content":{"rendered":"<p>L'ITECH IT-M3912D-80-240 \u00e8 un alimentatore CC con una potenza di 12.000 watt. Funziona a una tensione di 80 volt e pu\u00f2 erogare una corrente fino a 240 ampere. Questo modello \u00e8 dotato di un singolo canale di uscita, che consente un'erogazione mirata della potenza. L'unit\u00e0 \u00e8 progettata in un formato 2U, che la rende adatta al montaggio in rack in varie configurazioni. Include anche la funzionalit\u00e0 di controllo remoto, che consente agli utenti di azionare l'alimentatore a distanza. La combinazione di potenza, tensione e corrente elevate rende questo dispositivo adatto ad applicazioni complesse che richiedono un'alimentazione CC stabile e affidabile. Il design e le specifiche riflettono una soluzione di alimentazione robusta e versatile.<\/p>","protected":false},"excerpt":{"rendered":"<p>Alimentatore DC da 80V, 240A, 12000W, formato 2U<\/p>","protected":false},"featured_media":12278,"comment_status":"closed","ping_status":"closed","template":"","meta":{"_acf_changed":false,"slim_seo":{"title":"IT-M3912D-80-240 - YOTAVIS AG","description":"Alimentatore DC da 80V, 240A, 12000W, formato 2U"}},"product_brand":[822],"product_cat":[516,515],"product_tag":[],"class_list":{"0":"post-10505","1":"product","2":"type-product","3":"status-publish","4":"has-post-thumbnail","6":"product_brand-itech","7":"product_cat-dc-source-en","8":"product_cat-power-en","9":"pa_current-a-634","10":"pa_output-number-146","11":"pa_power-w-628","12":"pa_remote-control-yes","13":"pa_voltage-v-155","15":"first","16":"instock","17":"taxable","18":"shipping-taxable","19":"product-type-simple"},"acf":[],"_links":{"self":[{"href":"https:\/\/yotavis.ch\/it\/wp-json\/wp\/v2\/product\/10505","targetHints":{"allow":["GET"]}}],"collection":[{"href":"https:\/\/yotavis.ch\/it\/wp-json\/wp\/v2\/product"}],"about":[{"href":"https:\/\/yotavis.ch\/it\/wp-json\/wp\/v2\/types\/product"}],"replies":[{"embeddable":true,"href":"https:\/\/yotavis.ch\/it\/wp-json\/wp\/v2\/comments?post=10505"}],"wp:featuredmedia":[{"embeddable":true,"href":"https:\/\/yotavis.ch\/it\/wp-json\/wp\/v2\/media\/12278"}],"wp:attachment":[{"href":"https:\/\/yotavis.ch\/it\/wp-json\/wp\/v2\/media?parent=10505"}],"wp:term":[{"taxonomy":"product_brand","embeddable":true,"href":"https:\/\/yotavis.ch\/it\/wp-json\/wp\/v2\/product_brand?post=10505"},{"taxonomy":"product_cat","embeddable":true,"href":"https:\/\/yotavis.ch\/it\/wp-json\/wp\/v2\/product_cat?post=10505"},{"taxonomy":"product_tag","embeddable":true,"href":"https:\/\/yotavis.ch\/it\/wp-json\/wp\/v2\/product_tag?post=10505"}],"curies":[{"name":"wp","href":"https:\/\/api.w.org\/{rel}","templated":true}]}}