{"id":10510,"date":"2025-10-09T00:00:00","date_gmt":"2025-10-08T22:00:00","guid":{"rendered":"https:\/\/yotavis.ch\/product\/it-m3902d-500-12\/"},"modified":"2026-04-24T13:43:05","modified_gmt":"2026-04-24T11:43:05","slug":"it-m3902d-500-12","status":"publish","type":"product","link":"https:\/\/yotavis.ch\/it\/prodotto\/it-m3902d-500-12\/","title":{"rendered":"IT-M3902D-500-12"},"content":{"rendered":"<p>L'ITECH IT-M3902D-500-12 \u00e8 un alimentatore CC progettato per fornire una potenza massima di 2000 watt. Funziona con una tensione di 500 volt e una corrente di 12 ampere, che lo rendono adatto ad applicazioni che richiedono una potenza stabile ed elevata. Questo modello \u00e8 dotato di un singolo canale di uscita, che consente un'erogazione mirata della potenza. L'unit\u00e0 \u00e8 compatta, con una dimensione di 1U, che ne facilita l'integrazione nei rack di apparecchiature standard. Inoltre, supporta la funzionalit\u00e0 di controllo remoto, consentendo agli utenti di azionare l'alimentatore a distanza per comodit\u00e0 e sicurezza. Il design enfatizza l'efficienza e l'affidabilit\u00e0 nelle attivit\u00e0 di gestione dell'alimentazione. Questo alimentatore \u00e8 prodotto da ITECH, un marchio noto per la produzione di strumenti elettronici di misura e test.<\/p>","protected":false},"excerpt":{"rendered":"<p>Alimentatore DC da 500 V, 12 A, 2000 W, formato 1U<\/p>","protected":false},"featured_media":11166,"comment_status":"closed","ping_status":"closed","template":"","meta":{"_acf_changed":false,"slim_seo":{"title":"IT-M3902D-500-12 - YOTAVIS AG","description":"Alimentatore DC da 500 V, 12 A, 2000 W, formato 1U"}},"product_brand":[822],"product_cat":[516,515],"product_tag":[],"class_list":{"0":"post-10510","1":"product","2":"type-product","3":"status-publish","4":"has-post-thumbnail","6":"product_brand-itech","7":"product_cat-dc-source-en","8":"product_cat-power-en","9":"pa_current-a-578","10":"pa_output-number-146","11":"pa_power-w-561","12":"pa_remote-control-yes","13":"pa_voltage-v-604","15":"first","16":"instock","17":"taxable","18":"shipping-taxable","19":"product-type-simple"},"acf":[],"_links":{"self":[{"href":"https:\/\/yotavis.ch\/it\/wp-json\/wp\/v2\/product\/10510","targetHints":{"allow":["GET"]}}],"collection":[{"href":"https:\/\/yotavis.ch\/it\/wp-json\/wp\/v2\/product"}],"about":[{"href":"https:\/\/yotavis.ch\/it\/wp-json\/wp\/v2\/types\/product"}],"replies":[{"embeddable":true,"href":"https:\/\/yotavis.ch\/it\/wp-json\/wp\/v2\/comments?post=10510"}],"wp:featuredmedia":[{"embeddable":true,"href":"https:\/\/yotavis.ch\/it\/wp-json\/wp\/v2\/media\/11166"}],"wp:attachment":[{"href":"https:\/\/yotavis.ch\/it\/wp-json\/wp\/v2\/media?parent=10510"}],"wp:term":[{"taxonomy":"product_brand","embeddable":true,"href":"https:\/\/yotavis.ch\/it\/wp-json\/wp\/v2\/product_brand?post=10510"},{"taxonomy":"product_cat","embeddable":true,"href":"https:\/\/yotavis.ch\/it\/wp-json\/wp\/v2\/product_cat?post=10510"},{"taxonomy":"product_tag","embeddable":true,"href":"https:\/\/yotavis.ch\/it\/wp-json\/wp\/v2\/product_tag?post=10510"}],"curies":[{"name":"wp","href":"https:\/\/api.w.org\/{rel}","templated":true}]}}