{"id":10520,"date":"2025-10-09T00:00:00","date_gmt":"2025-10-08T22:00:00","guid":{"rendered":"https:\/\/yotavis.ch\/product\/it-m3903c-10-340\/"},"modified":"2026-04-24T13:43:09","modified_gmt":"2026-04-24T11:43:09","slug":"it-m3903c-10-340","status":"publish","type":"product","link":"https:\/\/yotavis.ch\/it\/prodotto\/it-m3903c-10-340\/","title":{"rendered":"IT-M3903C-10-340"},"content":{"rendered":"<p>L'ITECH IT-M3903C-10-340 \u00e8 un alimentatore CC bidirezionale con una tensione nominale di 10 V e un intervallo di corrente da -240A a 340A. Fornisce una potenza di uscita compresa tra -2,4kW e 3,4kW, rendendolo adatto ad applicazioni che richiedono un controllo preciso della potenza. Questo modello \u00e8 caratterizzato da un design compatto di dimensioni 1U, che consente un uso efficiente dello spazio in varie configurazioni. Fornisce un singolo canale di uscita e supporta la funzionalit\u00e0 di controllo remoto, consentendo agli utenti di azionare il dispositivo a distanza. La potenza massima in uscita \u00e8 di 3400 watt, per garantire prestazioni robuste. Il dispositivo \u00e8 progettato per gestire valori di corrente e potenza sia positivi che negativi, a testimonianza della sua capacit\u00e0 bidirezionale. Questo alimentatore \u00e8 prodotto da ITECH, un marchio noto per la produzione di apparecchiature elettroniche di test affidabili.<\/p>","protected":false},"excerpt":{"rendered":"<p>10V, -240~340A, -2,4kW~3,4kW Alimentatore CC bidirezionale, dimensione 1U<\/p>","protected":false},"featured_media":11166,"comment_status":"closed","ping_status":"closed","template":"","meta":{"_acf_changed":false,"slim_seo":{"title":"IT-M3903C-10-340 - YOTAVIS AG","description":"10V, -240~340A, -2,4kW~3,4kW Alimentatore CC bidirezionale, dimensione 1U"}},"product_brand":[822],"product_cat":[546,515],"product_tag":[],"class_list":{"0":"post-10520","1":"product","2":"type-product","3":"status-publish","4":"has-post-thumbnail","6":"product_brand-itech","7":"product_cat-dc-2-quadrants-en","8":"product_cat-power-en","9":"pa_current-a-932","10":"pa_output-number-146","11":"pa_power-w-931","12":"pa_remote-control-yes","13":"pa_voltage-v-572","15":"first","16":"instock","17":"taxable","18":"shipping-taxable","19":"product-type-simple"},"acf":[],"_links":{"self":[{"href":"https:\/\/yotavis.ch\/it\/wp-json\/wp\/v2\/product\/10520","targetHints":{"allow":["GET"]}}],"collection":[{"href":"https:\/\/yotavis.ch\/it\/wp-json\/wp\/v2\/product"}],"about":[{"href":"https:\/\/yotavis.ch\/it\/wp-json\/wp\/v2\/types\/product"}],"replies":[{"embeddable":true,"href":"https:\/\/yotavis.ch\/it\/wp-json\/wp\/v2\/comments?post=10520"}],"wp:featuredmedia":[{"embeddable":true,"href":"https:\/\/yotavis.ch\/it\/wp-json\/wp\/v2\/media\/11166"}],"wp:attachment":[{"href":"https:\/\/yotavis.ch\/it\/wp-json\/wp\/v2\/media?parent=10520"}],"wp:term":[{"taxonomy":"product_brand","embeddable":true,"href":"https:\/\/yotavis.ch\/it\/wp-json\/wp\/v2\/product_brand?post=10520"},{"taxonomy":"product_cat","embeddable":true,"href":"https:\/\/yotavis.ch\/it\/wp-json\/wp\/v2\/product_cat?post=10520"},{"taxonomy":"product_tag","embeddable":true,"href":"https:\/\/yotavis.ch\/it\/wp-json\/wp\/v2\/product_tag?post=10520"}],"curies":[{"name":"wp","href":"https:\/\/api.w.org\/{rel}","templated":true}]}}