{"id":10543,"date":"2025-10-09T00:00:00","date_gmt":"2025-10-08T22:00:00","guid":{"rendered":"https:\/\/yotavis.ch\/product\/it-m3904c-800-16\/"},"modified":"2026-04-24T13:43:22","modified_gmt":"2026-04-24T11:43:22","slug":"it-m3904c-800-16","status":"publish","type":"product","link":"https:\/\/yotavis.ch\/it\/prodotto\/it-m3904c-800-16\/","title":{"rendered":"IT-M3904C-800-16"},"content":{"rendered":"<p>L'ITECH IT-M3904C-800-16 \u00e8 un alimentatore CC bidirezionale progettato per erogare fino a 800 volt e \u00b116 ampere, fornendo una potenza massima di 4000 watt. Questo dispositivo di dimensioni 1U \u00e8 dotato di un singolo canale di uscita, che consente un controllo preciso dell'erogazione di potenza in varie applicazioni. Supporta la funzionalit\u00e0 di controllo remoto, consentendo agli utenti di azionare l'unit\u00e0 a distanza per una maggiore comodit\u00e0 e integrazione nei sistemi automatizzati. L'alimentatore \u00e8 in grado di funzionare in modo bidirezionale, vale a dire che pu\u00f2 sia erogare che assorbire corrente, il che \u00e8 essenziale per testare e simulare le condizioni reali dei dispositivi elettronici. Il suo fattore di forma compatto lo rende adatto al montaggio a rack in ambienti professionali dove l'efficienza dello spazio \u00e8 importante. Le specifiche dell'unit\u00e0 evidenziano la capacit\u00e0 di gestire livelli di tensione e corrente elevati, rendendola adatta a scenari di test impegnativi. La combinazione di queste caratteristiche fa s\u00ec che l'IT-M3904C-800-16 possa essere integrato in configurazioni complesse che richiedono una gestione affidabile e flessibile dell'alimentazione CC.<\/p>","protected":false},"excerpt":{"rendered":"<p>800V, \u00b116A, \u00b14kW Alimentatore CC bidirezionale, formato 1U<\/p>","protected":false},"featured_media":11166,"comment_status":"closed","ping_status":"closed","template":"","meta":{"_acf_changed":false,"slim_seo":{"title":"IT-M3904C-800-16 - YOTAVIS AG","description":"800V, \u00b116A, \u00b14kW Alimentatore CC bidirezionale, formato 1U"}},"product_brand":[822],"product_cat":[546,515],"product_tag":[],"class_list":{"0":"post-10543","1":"product","2":"type-product","3":"status-publish","4":"has-post-thumbnail","6":"product_brand-itech","7":"product_cat-dc-2-quadrants-en","8":"product_cat-power-en","9":"pa_current-a-926","10":"pa_output-number-146","11":"pa_power-w-611","12":"pa_remote-control-yes","13":"pa_voltage-v-319","15":"first","16":"instock","17":"taxable","18":"shipping-taxable","19":"product-type-simple"},"acf":[],"_links":{"self":[{"href":"https:\/\/yotavis.ch\/it\/wp-json\/wp\/v2\/product\/10543","targetHints":{"allow":["GET"]}}],"collection":[{"href":"https:\/\/yotavis.ch\/it\/wp-json\/wp\/v2\/product"}],"about":[{"href":"https:\/\/yotavis.ch\/it\/wp-json\/wp\/v2\/types\/product"}],"replies":[{"embeddable":true,"href":"https:\/\/yotavis.ch\/it\/wp-json\/wp\/v2\/comments?post=10543"}],"wp:featuredmedia":[{"embeddable":true,"href":"https:\/\/yotavis.ch\/it\/wp-json\/wp\/v2\/media\/11166"}],"wp:attachment":[{"href":"https:\/\/yotavis.ch\/it\/wp-json\/wp\/v2\/media?parent=10543"}],"wp:term":[{"taxonomy":"product_brand","embeddable":true,"href":"https:\/\/yotavis.ch\/it\/wp-json\/wp\/v2\/product_brand?post=10543"},{"taxonomy":"product_cat","embeddable":true,"href":"https:\/\/yotavis.ch\/it\/wp-json\/wp\/v2\/product_cat?post=10543"},{"taxonomy":"product_tag","embeddable":true,"href":"https:\/\/yotavis.ch\/it\/wp-json\/wp\/v2\/product_tag?post=10543"}],"curies":[{"name":"wp","href":"https:\/\/api.w.org\/{rel}","templated":true}]}}