{"id":10549,"date":"2025-10-09T00:00:00","date_gmt":"2025-10-08T22:00:00","guid":{"rendered":"https:\/\/yotavis.ch\/product\/it-m3905b-10-510\/"},"modified":"2026-04-24T13:43:26","modified_gmt":"2026-04-24T11:43:26","slug":"it-m3905b-10-510","status":"publish","type":"product","link":"https:\/\/yotavis.ch\/it\/prodotto\/it-m3905b-10-510\/","title":{"rendered":"IT-M3905B-10-510"},"content":{"rendered":"<p>L'IT-M3905B-10-510 \u00e8 un alimentatore con una tensione nominale di 10 V e una potenza massima di 5100W. Supporta un intervallo di corrente da 6A a 360A in condizioni di carico e pu\u00f2 generare corrente da -360A a 510A. La potenza di uscita varia da 60W a 3600W in condizioni di carico e da -3600W a 5100W in condizioni di alimentazione. Questo dispositivo \u00e8 progettato in un formato compatto 1U, che lo rende adatto al montaggio in rack in varie configurazioni. \u00c8 dotato di un singolo canale di uscita e include la funzionalit\u00e0 di controllo remoto per un comodo utilizzo. La corrente massima che pu\u00f2 erogare \u00e8 di 510A, in linea con le sue elevate capacit\u00e0 di potenza. Questo modello \u00e8 prodotto da ITECH, un marchio noto per la produzione di apparecchiature elettroniche di test.<\/p>","protected":false},"excerpt":{"rendered":"<p>10V, SORGENTE: -360~510A, -3600~5100W, CARICO: 6~360A, 60~3600W; dimensione 1U<\/p>","protected":false},"featured_media":11244,"comment_status":"closed","ping_status":"closed","template":"","meta":{"_acf_changed":false,"slim_seo":{"title":"IT-M3905B-10-510 - YOTAVIS AG","description":"10V, SORGENTE: -360~510A, -3600~5100W, CARICO: 6~360A, 60~3600W; dimensione 1U"}},"product_brand":[822],"product_cat":[546,515],"product_tag":[],"class_list":{"0":"post-10549","1":"product","2":"type-product","3":"status-publish","4":"has-post-thumbnail","6":"product_brand-itech","7":"product_cat-dc-2-quadrants-en","8":"product_cat-power-en","9":"pa_current-a-934","10":"pa_output-number-146","11":"pa_power-w-933","12":"pa_remote-control-yes","13":"pa_voltage-v-572","15":"first","16":"instock","17":"taxable","18":"shipping-taxable","19":"product-type-simple"},"acf":[],"_links":{"self":[{"href":"https:\/\/yotavis.ch\/it\/wp-json\/wp\/v2\/product\/10549","targetHints":{"allow":["GET"]}}],"collection":[{"href":"https:\/\/yotavis.ch\/it\/wp-json\/wp\/v2\/product"}],"about":[{"href":"https:\/\/yotavis.ch\/it\/wp-json\/wp\/v2\/types\/product"}],"replies":[{"embeddable":true,"href":"https:\/\/yotavis.ch\/it\/wp-json\/wp\/v2\/comments?post=10549"}],"wp:featuredmedia":[{"embeddable":true,"href":"https:\/\/yotavis.ch\/it\/wp-json\/wp\/v2\/media\/11244"}],"wp:attachment":[{"href":"https:\/\/yotavis.ch\/it\/wp-json\/wp\/v2\/media?parent=10549"}],"wp:term":[{"taxonomy":"product_brand","embeddable":true,"href":"https:\/\/yotavis.ch\/it\/wp-json\/wp\/v2\/product_brand?post=10549"},{"taxonomy":"product_cat","embeddable":true,"href":"https:\/\/yotavis.ch\/it\/wp-json\/wp\/v2\/product_cat?post=10549"},{"taxonomy":"product_tag","embeddable":true,"href":"https:\/\/yotavis.ch\/it\/wp-json\/wp\/v2\/product_tag?post=10549"}],"curies":[{"name":"wp","href":"https:\/\/api.w.org\/{rel}","templated":true}]}}