{"id":10638,"date":"2025-10-09T00:00:00","date_gmt":"2025-10-08T22:00:00","guid":{"rendered":"https:\/\/yotavis.ch\/product\/it6018c-1500-40\/"},"modified":"2026-04-24T13:43:57","modified_gmt":"2026-04-24T11:43:57","slug":"it6018c-1500-40","status":"publish","type":"product","link":"https:\/\/yotavis.ch\/it\/prodotto\/it6018c-1500-40\/","title":{"rendered":"IT6018C-1500-40"},"content":{"rendered":"<p>L'ITECH IT6018C-1500-40 \u00e8 un alimentatore CC bidirezionale con una potenza di 18.000 watt. Funziona con una tensione di 1500 volt e una corrente di 40 ampere, fornendo un singolo canale di uscita. L'unit\u00e0 \u00e8 progettata con un fattore di forma 3U, che la rende adatta al montaggio a rack in varie configurazioni. \u00c8 dotato di funzionalit\u00e0 di controllo remoto, che consente un funzionamento comodo e l'integrazione in sistemi automatizzati. Questo alimentatore \u00e8 stato progettato per gestire il flusso di potenza bidirezionale, che pu\u00f2 essere essenziale per le applicazioni che richiedono sia l'erogazione che l'assorbimento di potenza. La combinazione di alta tensione e corrente nominale lo rende adatto agli ambienti industriali e di collaudo pi\u00f9 esigenti. Il suo design e le sue specifiche si concentrano sulla fornitura di prestazioni di alimentazione CC affidabili e precise.<\/p>","protected":false},"excerpt":{"rendered":"<p>1500V\/40A\/18kW Alimentatore CC bidirezionale, 3U<\/p>","protected":false},"featured_media":11257,"comment_status":"closed","ping_status":"closed","template":"","meta":{"_acf_changed":false,"slim_seo":{"title":"IT6018C-1500-40 - YOTAVIS AG","description":"1500V\/40A\/18kW Alimentatore CC bidirezionale, 3U"}},"product_brand":[822],"product_cat":[546,515],"product_tag":[],"class_list":{"0":"post-10638","1":"product","2":"type-product","3":"status-publish","4":"has-post-thumbnail","6":"product_brand-itech","7":"product_cat-dc-2-quadrants-en","8":"product_cat-power-en","9":"pa_current-a-550","10":"pa_output-number-146","11":"pa_power-w-629","12":"pa_remote-control-yes","13":"pa_voltage-v-928","15":"first","16":"instock","17":"taxable","18":"shipping-taxable","19":"product-type-simple"},"acf":[],"_links":{"self":[{"href":"https:\/\/yotavis.ch\/it\/wp-json\/wp\/v2\/product\/10638","targetHints":{"allow":["GET"]}}],"collection":[{"href":"https:\/\/yotavis.ch\/it\/wp-json\/wp\/v2\/product"}],"about":[{"href":"https:\/\/yotavis.ch\/it\/wp-json\/wp\/v2\/types\/product"}],"replies":[{"embeddable":true,"href":"https:\/\/yotavis.ch\/it\/wp-json\/wp\/v2\/comments?post=10638"}],"wp:featuredmedia":[{"embeddable":true,"href":"https:\/\/yotavis.ch\/it\/wp-json\/wp\/v2\/media\/11257"}],"wp:attachment":[{"href":"https:\/\/yotavis.ch\/it\/wp-json\/wp\/v2\/media?parent=10638"}],"wp:term":[{"taxonomy":"product_brand","embeddable":true,"href":"https:\/\/yotavis.ch\/it\/wp-json\/wp\/v2\/product_brand?post=10638"},{"taxonomy":"product_cat","embeddable":true,"href":"https:\/\/yotavis.ch\/it\/wp-json\/wp\/v2\/product_cat?post=10638"},{"taxonomy":"product_tag","embeddable":true,"href":"https:\/\/yotavis.ch\/it\/wp-json\/wp\/v2\/product_tag?post=10638"}],"curies":[{"name":"wp","href":"https:\/\/api.w.org\/{rel}","templated":true}]}}