{"id":10642,"date":"2025-10-09T00:00:00","date_gmt":"2025-10-08T22:00:00","guid":{"rendered":"https:\/\/yotavis.ch\/product\/it6018c-2250-25\/"},"modified":"2026-04-24T13:43:57","modified_gmt":"2026-04-24T11:43:57","slug":"it6018c-2250-25","status":"publish","type":"product","link":"https:\/\/yotavis.ch\/it\/prodotto\/it6018c-2250-25\/","title":{"rendered":"IT6018C-2250-25"},"content":{"rendered":"<p>L'ITECH IT6018C-2250-25 \u00e8 un alimentatore CC bidirezionale con una potenza di 18.000 watt. Funziona a una tensione di 2250 volt ed eroga una corrente di 25 ampere. Questo modello \u00e8 dotato di un singolo canale di uscita ed \u00e8 progettato in un fattore di forma 3U. \u00c8 inclusa la funzionalit\u00e0 di controllo remoto, che consente un funzionamento comodo e l'integrazione in sistemi automatizzati. L'alimentatore \u00e8 adatto per applicazioni che richiedono tensione e corrente elevate con un controllo preciso. La sua funzionalit\u00e0 bidirezionale gli consente di erogare e assorbire corrente, rendendolo versatile per vari scenari di test e gestione dell'alimentazione. L'unit\u00e0 \u00e8 progettata per soddisfare i requisiti elettrici pi\u00f9 esigenti, mantenendo al contempo prestazioni stabili.<\/p>","protected":false},"excerpt":{"rendered":"<p>2250V\/25A\/18kW Alimentatore CC bidirezionale, 3U<\/p>","protected":false},"featured_media":11257,"comment_status":"closed","ping_status":"closed","template":"","meta":{"_acf_changed":false,"slim_seo":{"title":"IT6018C-2250-25 - YOTAVIS AG","description":"2250V\/25A\/18kW Alimentatore CC bidirezionale, 3U"}},"product_brand":[822],"product_cat":[546,515],"product_tag":[],"class_list":{"0":"post-10642","1":"product","2":"type-product","3":"status-publish","4":"has-post-thumbnail","6":"product_brand-itech","7":"product_cat-dc-2-quadrants-en","8":"product_cat-power-en","9":"pa_current-a-401","10":"pa_output-number-146","11":"pa_power-w-629","12":"pa_remote-control-yes","13":"pa_voltage-v-948","15":"first","16":"instock","17":"taxable","18":"shipping-taxable","19":"product-type-simple"},"acf":[],"_links":{"self":[{"href":"https:\/\/yotavis.ch\/it\/wp-json\/wp\/v2\/product\/10642","targetHints":{"allow":["GET"]}}],"collection":[{"href":"https:\/\/yotavis.ch\/it\/wp-json\/wp\/v2\/product"}],"about":[{"href":"https:\/\/yotavis.ch\/it\/wp-json\/wp\/v2\/types\/product"}],"replies":[{"embeddable":true,"href":"https:\/\/yotavis.ch\/it\/wp-json\/wp\/v2\/comments?post=10642"}],"wp:featuredmedia":[{"embeddable":true,"href":"https:\/\/yotavis.ch\/it\/wp-json\/wp\/v2\/media\/11257"}],"wp:attachment":[{"href":"https:\/\/yotavis.ch\/it\/wp-json\/wp\/v2\/media?parent=10642"}],"wp:term":[{"taxonomy":"product_brand","embeddable":true,"href":"https:\/\/yotavis.ch\/it\/wp-json\/wp\/v2\/product_brand?post=10642"},{"taxonomy":"product_cat","embeddable":true,"href":"https:\/\/yotavis.ch\/it\/wp-json\/wp\/v2\/product_cat?post=10642"},{"taxonomy":"product_tag","embeddable":true,"href":"https:\/\/yotavis.ch\/it\/wp-json\/wp\/v2\/product_tag?post=10642"}],"curies":[{"name":"wp","href":"https:\/\/api.w.org\/{rel}","templated":true}]}}