{"id":10662,"date":"2025-10-09T00:00:00","date_gmt":"2025-10-08T22:00:00","guid":{"rendered":"https:\/\/yotavis.ch\/product\/it6018b-500-120\/"},"modified":"2026-04-24T13:44:04","modified_gmt":"2026-04-24T11:44:04","slug":"it6018b-500-120","status":"publish","type":"product","link":"https:\/\/yotavis.ch\/it\/prodotto\/it6018b-500-120\/","title":{"rendered":"IT6018B-500-120"},"content":{"rendered":"<p>ITECH IT6018B-500-120 \u00e8 un sistema di alimentazione rigenerativa in c.c. progettato per fornire una potenza di 18.000 watt. Funziona a una tensione di 500 volt e supporta una corrente massima di 120 ampere. L'unit\u00e0 \u00e8 dotata di un singolo canale di uscita ed \u00e8 alloggiata in un compatto fattore di forma 3U. \u00c8 inclusa la funzionalit\u00e0 di controllo remoto, che consente un funzionamento comodo e l'integrazione in configurazioni di test automatizzate. Il sistema \u00e8 progettato per fornire una gestione efficiente dell'energia grazie al suo design rigenerativo, che pu\u00f2 contribuire al recupero dell'energia durante il funzionamento. Le sue specifiche lo rendono adatto ad applicazioni che richiedono una potenza elevata e un controllo preciso. La combinazione di tensione, corrente e potenza elevate garantisce la gestione di carichi elettrici impegnativi.<\/p>","protected":false},"excerpt":{"rendered":"<p>500V\/120A\/18kW Sistema di alimentazione CC rigenerativo, 3U<\/p>","protected":false},"featured_media":11261,"comment_status":"closed","ping_status":"closed","template":"","meta":{"_acf_changed":false,"slim_seo":{"title":"IT6018B-500-120 - YOTAVIS AG","description":"500V\/120A\/18kW Sistema di alimentazione CC rigenerativo, 3U"}},"product_brand":[822],"product_cat":[516,515],"product_tag":[],"class_list":{"0":"post-10662","1":"product","2":"type-product","3":"status-publish","4":"has-post-thumbnail","6":"product_brand-itech","7":"product_cat-dc-source-en","8":"product_cat-power-en","9":"pa_current-a-559","10":"pa_output-number-146","11":"pa_power-w-629","12":"pa_remote-control-yes","13":"pa_voltage-v-604","15":"first","16":"instock","17":"taxable","18":"shipping-taxable","19":"product-type-simple"},"acf":[],"_links":{"self":[{"href":"https:\/\/yotavis.ch\/it\/wp-json\/wp\/v2\/product\/10662","targetHints":{"allow":["GET"]}}],"collection":[{"href":"https:\/\/yotavis.ch\/it\/wp-json\/wp\/v2\/product"}],"about":[{"href":"https:\/\/yotavis.ch\/it\/wp-json\/wp\/v2\/types\/product"}],"replies":[{"embeddable":true,"href":"https:\/\/yotavis.ch\/it\/wp-json\/wp\/v2\/comments?post=10662"}],"wp:featuredmedia":[{"embeddable":true,"href":"https:\/\/yotavis.ch\/it\/wp-json\/wp\/v2\/media\/11261"}],"wp:attachment":[{"href":"https:\/\/yotavis.ch\/it\/wp-json\/wp\/v2\/media?parent=10662"}],"wp:term":[{"taxonomy":"product_brand","embeddable":true,"href":"https:\/\/yotavis.ch\/it\/wp-json\/wp\/v2\/product_brand?post=10662"},{"taxonomy":"product_cat","embeddable":true,"href":"https:\/\/yotavis.ch\/it\/wp-json\/wp\/v2\/product_cat?post=10662"},{"taxonomy":"product_tag","embeddable":true,"href":"https:\/\/yotavis.ch\/it\/wp-json\/wp\/v2\/product_tag?post=10662"}],"curies":[{"name":"wp","href":"https:\/\/api.w.org\/{rel}","templated":true}]}}