{"id":10689,"date":"2025-10-09T00:00:00","date_gmt":"2025-10-08T22:00:00","guid":{"rendered":"https:\/\/yotavis.ch\/product\/it8012-300-150\/"},"modified":"2026-04-24T13:44:13","modified_gmt":"2026-04-24T11:44:13","slug":"it8012-300-150","status":"publish","type":"product","link":"https:\/\/yotavis.ch\/it\/prodotto\/it8012-300-150\/","title":{"rendered":"IT8012-300-150"},"content":{"rendered":"<p>L'IT8012-300-150 \u00e8 un carico elettronico rigenerativo in corrente continua progettato per gestire una tensione massima di 300 volt e una corrente fino a 150 ampere. Offre una capacit\u00e0 di potenza di 12.000 watt, che lo rende adatto ad applicazioni ad alta potenza. Questo modello \u00e8 dotato di un singolo canale di uscita e supporta la funzionalit\u00e0 di controllo remoto, consentendo un funzionamento comodo e l'integrazione in sistemi di test automatizzati. Il dispositivo \u00e8 alloggiato in un fattore di forma 3U, una dimensione standard per le apparecchiature montate su rack. Prodotto da ITECH, l'IT8012-300-150 \u00e8 progettato per fornire prestazioni affidabili in ambienti difficili. La sua capacit\u00e0 rigenerativa consente di recuperare energia durante il funzionamento, migliorando l'efficienza. La combinazione di tensione, corrente e potenza elevate rende questo carico elettronico versatile per vari scenari di test.<\/p>","protected":false},"excerpt":{"rendered":"<p>300V\/150A\/12kW DC rigenerativo E-LOAD, 3U<\/p>","protected":false},"featured_media":11535,"comment_status":"closed","ping_status":"closed","template":"","meta":{"_acf_changed":false,"slim_seo":{"title":"IT8012-300-150 - YOTAVIS AG","description":"300V\/150A\/12kW DC rigenerativo E-LOAD, 3U"}},"product_brand":[822],"product_cat":[517,515],"product_tag":[],"class_list":{"0":"post-10689","1":"product","2":"type-product","3":"status-publish","4":"has-post-thumbnail","6":"product_brand-itech","7":"product_cat-dc-load-en","8":"product_cat-power-en","9":"pa_current-a-569","10":"pa_output-number-146","11":"pa_power-w-628","12":"pa_remote-control-yes","13":"pa_voltage-v-624","15":"first","16":"instock","17":"taxable","18":"shipping-taxable","19":"product-type-simple"},"acf":[],"_links":{"self":[{"href":"https:\/\/yotavis.ch\/it\/wp-json\/wp\/v2\/product\/10689","targetHints":{"allow":["GET"]}}],"collection":[{"href":"https:\/\/yotavis.ch\/it\/wp-json\/wp\/v2\/product"}],"about":[{"href":"https:\/\/yotavis.ch\/it\/wp-json\/wp\/v2\/types\/product"}],"replies":[{"embeddable":true,"href":"https:\/\/yotavis.ch\/it\/wp-json\/wp\/v2\/comments?post=10689"}],"wp:featuredmedia":[{"embeddable":true,"href":"https:\/\/yotavis.ch\/it\/wp-json\/wp\/v2\/media\/11535"}],"wp:attachment":[{"href":"https:\/\/yotavis.ch\/it\/wp-json\/wp\/v2\/media?parent=10689"}],"wp:term":[{"taxonomy":"product_brand","embeddable":true,"href":"https:\/\/yotavis.ch\/it\/wp-json\/wp\/v2\/product_brand?post=10689"},{"taxonomy":"product_cat","embeddable":true,"href":"https:\/\/yotavis.ch\/it\/wp-json\/wp\/v2\/product_cat?post=10689"},{"taxonomy":"product_tag","embeddable":true,"href":"https:\/\/yotavis.ch\/it\/wp-json\/wp\/v2\/product_tag?post=10689"}],"curies":[{"name":"wp","href":"https:\/\/api.w.org\/{rel}","templated":true}]}}