{"id":10693,"date":"2025-10-09T00:00:00","date_gmt":"2025-10-08T22:00:00","guid":{"rendered":"https:\/\/yotavis.ch\/product\/it8012-500-60\/"},"modified":"2026-03-02T16:38:04","modified_gmt":"2026-03-02T15:38:04","slug":"it8012-500-60","status":"publish","type":"product","link":"https:\/\/yotavis.ch\/it\/prodotto\/it8012-500-60\/","title":{"rendered":"IT8012-500-60"},"content":{"rendered":"<p>L'ITECH IT8012-500-60 \u00e8 un carico CC progettato per applicazioni di potenza. Dotato di una capacit\u00e0 di potenza di 12.000 watt, funziona con tensioni fino a 500 volt e correnti fino a 60 ampere. Il dispositivo \u00e8 dotato di una singola uscita, che consente di eseguire test di carico precisi e controllati. Ideale per valutare alimentatori e sistemi di batterie, garantisce prestazioni affidabili in condizioni difficili. Le sue caratteristiche avanzate supportano misure accurate e stabilit\u00e0 durante il funzionamento prolungato.<\/p>","protected":false},"excerpt":{"rendered":"<p>500V\/60A\/12kW DC rigenerativo E-LOAD, 3U<\/p>","protected":false},"featured_media":11535,"comment_status":"closed","ping_status":"closed","template":"","meta":{"_acf_changed":false,"slim_seo":{"title":"IT8012-500-60 - YOTAVIS AG","description":"500V\/60A\/12kW DC rigenerativo E-LOAD, 3U"}},"product_brand":[822],"product_cat":[517,515],"product_tag":[],"class_list":{"0":"post-10693","1":"product","2":"type-product","3":"status-publish","4":"has-post-thumbnail","6":"product_brand-itech","7":"product_cat-dc-load-en","8":"product_cat-power-en","9":"pa_current-a-406","10":"pa_output-number-146","11":"pa_power-w-628","12":"pa_voltage-v-604","14":"first","15":"instock","16":"taxable","17":"shipping-taxable","18":"product-type-simple"},"acf":[],"_links":{"self":[{"href":"https:\/\/yotavis.ch\/it\/wp-json\/wp\/v2\/product\/10693","targetHints":{"allow":["GET"]}}],"collection":[{"href":"https:\/\/yotavis.ch\/it\/wp-json\/wp\/v2\/product"}],"about":[{"href":"https:\/\/yotavis.ch\/it\/wp-json\/wp\/v2\/types\/product"}],"replies":[{"embeddable":true,"href":"https:\/\/yotavis.ch\/it\/wp-json\/wp\/v2\/comments?post=10693"}],"wp:featuredmedia":[{"embeddable":true,"href":"https:\/\/yotavis.ch\/it\/wp-json\/wp\/v2\/media\/11535"}],"wp:attachment":[{"href":"https:\/\/yotavis.ch\/it\/wp-json\/wp\/v2\/media?parent=10693"}],"wp:term":[{"taxonomy":"product_brand","embeddable":true,"href":"https:\/\/yotavis.ch\/it\/wp-json\/wp\/v2\/product_brand?post=10693"},{"taxonomy":"product_cat","embeddable":true,"href":"https:\/\/yotavis.ch\/it\/wp-json\/wp\/v2\/product_cat?post=10693"},{"taxonomy":"product_tag","embeddable":true,"href":"https:\/\/yotavis.ch\/it\/wp-json\/wp\/v2\/product_tag?post=10693"}],"curies":[{"name":"wp","href":"https:\/\/api.w.org\/{rel}","templated":true}]}}