{"id":10724,"date":"2025-10-09T00:00:00","date_gmt":"2025-10-08T22:00:00","guid":{"rendered":"https:\/\/yotavis.ch\/product\/it6333b\/"},"modified":"2026-04-24T13:44:30","modified_gmt":"2026-04-24T11:44:30","slug":"it6333b","status":"publish","type":"product","link":"https:\/\/yotavis.ch\/it\/prodotto\/it6333b\/","title":{"rendered":"IT6333B"},"content":{"rendered":"<p>L'IT6333B \u00e8 un alimentatore CC dotato di tre uscite, tra cui due canali che forniscono 60 V a 3 A con 180 W ciascuno e un canale che fornisce 5 V a 3 A con 15 W. Funziona con una potenza totale di 375 watt e supporta la funzionalit\u00e0 di controllo remoto. Il dispositivo \u00e8 progettato per essere inserito in un mezzo rack 2U e include interfacce standard RS232, USB e GPIB per la connettivit\u00e0. Con una tensione massima di 60 volt e una corrente massima di 3 ampere, \u00e8 adatto ad applicazioni che richiedono un'erogazione di potenza precisa e stabile su pi\u00f9 canali. L'inclusione di pi\u00f9 canali di uscita consente una gestione versatile dell'alimentazione in vari ambienti di test e sviluppo. Il fattore di forma e le opzioni di interfaccia dell'unit\u00e0 facilitano l'integrazione nelle configurazioni esistenti, offrendo flessibilit\u00e0 per il funzionamento e il controllo a distanza. Questo alimentatore \u00e8 stato progettato per soddisfare le esigenze di sistemi elettronici complessi che richiedono fonti di alimentazione CC affidabili.<\/p>","protected":false},"excerpt":{"rendered":"<p>DC PSU, 3 Outputs: 60V\/3A\/180W*2CH : 5V\/3A\/15W*1CH  ; 2U half rack (Standard RS232\/USB\/GPIB)<\/p>","protected":false},"featured_media":12144,"comment_status":"closed","ping_status":"closed","template":"","meta":{"_acf_changed":false,"slim_seo":{"title":"IT6333B - YOTAVIS AG","description":"Alimentatore DC, 3 uscite: 60V\/3A\/180W*2CH : 5V\/3A\/15W*1CH ; 2U mezzo rack (RS232\/USB\/GPIB standard)"}},"product_brand":[822],"product_cat":[516,515],"product_tag":[],"class_list":{"0":"post-10724","1":"product","2":"type-product","3":"status-publish","4":"has-post-thumbnail","6":"product_brand-itech","7":"product_cat-dc-source-en","8":"product_cat-power-en","9":"pa_current-a-485","10":"pa_output-number-141","11":"pa_power-w-492","12":"pa_remote-control-yes","13":"pa_voltage-v-314","15":"first","16":"instock","17":"taxable","18":"shipping-taxable","19":"product-type-simple"},"acf":[],"_links":{"self":[{"href":"https:\/\/yotavis.ch\/it\/wp-json\/wp\/v2\/product\/10724","targetHints":{"allow":["GET"]}}],"collection":[{"href":"https:\/\/yotavis.ch\/it\/wp-json\/wp\/v2\/product"}],"about":[{"href":"https:\/\/yotavis.ch\/it\/wp-json\/wp\/v2\/types\/product"}],"replies":[{"embeddable":true,"href":"https:\/\/yotavis.ch\/it\/wp-json\/wp\/v2\/comments?post=10724"}],"wp:featuredmedia":[{"embeddable":true,"href":"https:\/\/yotavis.ch\/it\/wp-json\/wp\/v2\/media\/12144"}],"wp:attachment":[{"href":"https:\/\/yotavis.ch\/it\/wp-json\/wp\/v2\/media?parent=10724"}],"wp:term":[{"taxonomy":"product_brand","embeddable":true,"href":"https:\/\/yotavis.ch\/it\/wp-json\/wp\/v2\/product_brand?post=10724"},{"taxonomy":"product_cat","embeddable":true,"href":"https:\/\/yotavis.ch\/it\/wp-json\/wp\/v2\/product_cat?post=10724"},{"taxonomy":"product_tag","embeddable":true,"href":"https:\/\/yotavis.ch\/it\/wp-json\/wp\/v2\/product_tag?post=10724"}],"curies":[{"name":"wp","href":"https:\/\/api.w.org\/{rel}","templated":true}]}}