{"id":10728,"date":"2025-10-09T00:00:00","date_gmt":"2025-10-08T22:00:00","guid":{"rendered":"https:\/\/yotavis.ch\/product\/it6402\/"},"modified":"2026-04-24T13:44:33","modified_gmt":"2026-04-24T11:44:33","slug":"it6402","status":"publish","type":"product","link":"https:\/\/yotavis.ch\/it\/prodotto\/it6402\/","title":{"rendered":"IT6402"},"content":{"rendered":"<p>L'ITECH IT6402 \u00e8 un alimentatore CC a doppia uscita dotato di due canali con intervalli di tensione da -6V a 0V e da 0V a 6V sul primo canale e da 0V a 6V sul secondo canale. Ogni canale supporta una corrente massima di \u00b12A ed eroga fino a 12W di potenza, per una potenza totale di 24W. Il dispositivo include porte LAN\/USB standard e porte USB sul pannello frontale per la connettivit\u00e0, consentendo il funzionamento del controllo remoto. L'alimentatore funziona con una tensione di 6 V e una corrente di 2 A per canale. \u00c8 stato progettato per fornire un'uscita di potenza precisa e stabile sui due canali, rendendolo adatto a varie applicazioni che richiedono un'alimentazione CC controllata. L'inclusione della funzionalit\u00e0 di controllo remoto ne migliora l'utilizzabilit\u00e0 in ambienti di test automatizzati o remoti. L'IT6402 \u00e8 prodotto da ITECH, un marchio noto per la produzione di apparecchiature elettroniche di test.<\/p>","protected":false},"excerpt":{"rendered":"<p>DC PSU CH1:-6V &#8211; 0V , 0 &#8211; 6V,\u00b12A,12W; CH2:  0 &#8211; 6V,\u00b12A,12W (Standard LAN\/USB and front panel USB port)<\/p>","protected":false},"featured_media":11551,"comment_status":"closed","ping_status":"closed","template":"","meta":{"_acf_changed":false,"slim_seo":{"title":"IT6402 - YOTAVIS AG","description":"Alimentazione DC CH1: -6V - 0V , 0 - 6V, \u00b12A, 12W; CH2: 0 - 6V, \u00b12A, 12W (porta LAN\/USB standard e porta USB del pannello frontale)"}},"product_brand":[822],"product_cat":[516,515],"product_tag":[],"class_list":{"0":"post-10728","1":"product","2":"type-product","3":"status-publish","4":"has-post-thumbnail","6":"product_brand-itech","7":"product_cat-dc-source-en","8":"product_cat-power-en","9":"pa_current-a-573","10":"pa_output-number-153","11":"pa_power-w-957","12":"pa_remote-control-yes","13":"pa_voltage-v-310","15":"first","16":"instock","17":"taxable","18":"shipping-taxable","19":"product-type-simple"},"acf":[],"_links":{"self":[{"href":"https:\/\/yotavis.ch\/it\/wp-json\/wp\/v2\/product\/10728","targetHints":{"allow":["GET"]}}],"collection":[{"href":"https:\/\/yotavis.ch\/it\/wp-json\/wp\/v2\/product"}],"about":[{"href":"https:\/\/yotavis.ch\/it\/wp-json\/wp\/v2\/types\/product"}],"replies":[{"embeddable":true,"href":"https:\/\/yotavis.ch\/it\/wp-json\/wp\/v2\/comments?post=10728"}],"wp:featuredmedia":[{"embeddable":true,"href":"https:\/\/yotavis.ch\/it\/wp-json\/wp\/v2\/media\/11551"}],"wp:attachment":[{"href":"https:\/\/yotavis.ch\/it\/wp-json\/wp\/v2\/media?parent=10728"}],"wp:term":[{"taxonomy":"product_brand","embeddable":true,"href":"https:\/\/yotavis.ch\/it\/wp-json\/wp\/v2\/product_brand?post=10728"},{"taxonomy":"product_cat","embeddable":true,"href":"https:\/\/yotavis.ch\/it\/wp-json\/wp\/v2\/product_cat?post=10728"},{"taxonomy":"product_tag","embeddable":true,"href":"https:\/\/yotavis.ch\/it\/wp-json\/wp\/v2\/product_tag?post=10728"}],"curies":[{"name":"wp","href":"https:\/\/api.w.org\/{rel}","templated":true}]}}