{"id":10729,"date":"2025-10-09T00:00:00","date_gmt":"2025-10-08T22:00:00","guid":{"rendered":"https:\/\/yotavis.ch\/product\/it6411\/"},"modified":"2026-04-24T13:44:34","modified_gmt":"2026-04-24T11:44:34","slug":"it6411","status":"publish","type":"product","link":"https:\/\/yotavis.ch\/it\/prodotto\/it6411\/","title":{"rendered":"IT6411"},"content":{"rendered":"<p>L'ITECH IT6411 \u00e8 un alimentatore CC dotato di un singolo canale di uscita con una gamma alta di \u00b115V e \u00b13A, in grado di erogare fino a 45W di potenza. Offre anche una gamma bassa di \u00b19V e \u00b15A, mantenendo la stessa potenza di 45W. Il dispositivo \u00e8 progettato in un fattore di forma 2U half rack e include interfacce LAN e USB standard, oltre a una porta USB sul pannello frontale per una comoda connettivit\u00e0. Supporta la funzionalit\u00e0 di controllo remoto, consentendo il funzionamento a distanza. L'alimentatore fornisce una tensione massima di 15V e una corrente massima di 5A. Con una potenza nominale di 45 watt, \u00e8 adatto ad applicazioni che richiedono un'erogazione precisa di corrente continua. L'unit\u00e0 \u00e8 marchiata ITECH ed \u00e8 progettata per essere inserita in sistemi rack standard, rendendola adattabile a diverse configurazioni.<\/p>","protected":false},"excerpt":{"rendered":"<p>Alimentatore CC, canale singolo, gamma alta: \u00b115V\/\u00b13A\/45W; gamma bassa: \u00b19V\/\u00b15A\/45W; mezzo rack 2U, (LAN\/USB standard e porta USB sul pannello frontale)<\/p>","protected":false},"featured_media":12316,"comment_status":"closed","ping_status":"closed","template":"","meta":{"_acf_changed":false,"slim_seo":{"title":"IT6411 - YOTAVIS AG","description":"Alimentatore CC, canale singolo, gamma alta: \u00b115V\/\u00b13A\/45W; gamma bassa: \u00b19V\/\u00b15A\/45W; mezzo rack 2U, (LAN\/USB standard e porta USB sul pannello frontale)"}},"product_brand":[822],"product_cat":[516,515],"product_tag":[],"class_list":{"0":"post-10729","1":"product","2":"type-product","3":"status-publish","4":"has-post-thumbnail","6":"product_brand-itech","7":"product_cat-dc-source-en","8":"product_cat-power-en","9":"pa_current-a-392","10":"pa_output-number-146","11":"pa_power-w-958","12":"pa_remote-control-yes","13":"pa_voltage-v-149","15":"first","16":"instock","17":"taxable","18":"shipping-taxable","19":"product-type-simple"},"acf":[],"_links":{"self":[{"href":"https:\/\/yotavis.ch\/it\/wp-json\/wp\/v2\/product\/10729","targetHints":{"allow":["GET"]}}],"collection":[{"href":"https:\/\/yotavis.ch\/it\/wp-json\/wp\/v2\/product"}],"about":[{"href":"https:\/\/yotavis.ch\/it\/wp-json\/wp\/v2\/types\/product"}],"replies":[{"embeddable":true,"href":"https:\/\/yotavis.ch\/it\/wp-json\/wp\/v2\/comments?post=10729"}],"wp:featuredmedia":[{"embeddable":true,"href":"https:\/\/yotavis.ch\/it\/wp-json\/wp\/v2\/media\/12316"}],"wp:attachment":[{"href":"https:\/\/yotavis.ch\/it\/wp-json\/wp\/v2\/media?parent=10729"}],"wp:term":[{"taxonomy":"product_brand","embeddable":true,"href":"https:\/\/yotavis.ch\/it\/wp-json\/wp\/v2\/product_brand?post=10729"},{"taxonomy":"product_cat","embeddable":true,"href":"https:\/\/yotavis.ch\/it\/wp-json\/wp\/v2\/product_cat?post=10729"},{"taxonomy":"product_tag","embeddable":true,"href":"https:\/\/yotavis.ch\/it\/wp-json\/wp\/v2\/product_tag?post=10729"}],"curies":[{"name":"wp","href":"https:\/\/api.w.org\/{rel}","templated":true}]}}