{"id":10742,"date":"2025-10-09T00:00:00","date_gmt":"2025-10-08T22:00:00","guid":{"rendered":"https:\/\/yotavis.ch\/product\/it6513a\/"},"modified":"2026-04-24T13:44:38","modified_gmt":"2026-04-24T11:44:38","slug":"it6513a","status":"publish","type":"product","link":"https:\/\/yotavis.ch\/it\/prodotto\/it6513a\/","title":{"rendered":"IT6513A"},"content":{"rendered":"<p>L'IT6513A \u00e8 un alimentatore CC con una tensione di uscita massima di 150 volt e una capacit\u00e0 di corrente di 30 ampere, per una potenza totale di 1200 watt. \u00c8 dotato di un singolo canale di uscita e supporta la funzionalit\u00e0 di controllo remoto, consentendo un comodo funzionamento a distanza. L'unit\u00e0 \u00e8 progettata con un fattore di forma 1U, che la rende adatta al montaggio in rack standard. Le opzioni di connettivit\u00e0 includono le interfacce RS232, USB e RS485, che forniscono metodi di comunicazione versatili per l'integrazione con vari sistemi. Questo alimentatore \u00e8 prodotto da ITECH, un marchio noto per le sue apparecchiature di collaudo elettronico. La combinazione delle sue specifiche di tensione, corrente e potenza lo rende adatto alle applicazioni che richiedono un'alimentazione CC stabile e regolabile. L'inclusione di pi\u00f9 opzioni di interfaccia ne aumenta l'utilizzabilit\u00e0 in ambienti di test automatizzati e in configurazioni di monitoraggio remoto.<\/p>","protected":false},"excerpt":{"rendered":"<p>Alimentatore DC 150V\/30A, 1200W ;1U (standard RS232\/USB\/RS485)<\/p>","protected":false},"featured_media":11554,"comment_status":"closed","ping_status":"closed","template":"","meta":{"_acf_changed":false,"slim_seo":{"title":"IT6513A - YOTAVIS AG","description":"Alimentatore DC 150V\/30A, 1200W ;1U (standard RS232\/USB\/RS485)"}},"product_brand":[822],"product_cat":[516,515],"product_tag":[],"class_list":{"0":"post-10742","1":"product","2":"type-product","3":"status-publish","4":"has-post-thumbnail","6":"product_brand-itech","7":"product_cat-dc-source-en","8":"product_cat-power-en","9":"pa_current-a-404","10":"pa_output-number-146","11":"pa_power-w-479","12":"pa_remote-control-yes","13":"pa_voltage-v-150","15":"first","16":"instock","17":"taxable","18":"shipping-taxable","19":"product-type-simple"},"acf":[],"_links":{"self":[{"href":"https:\/\/yotavis.ch\/it\/wp-json\/wp\/v2\/product\/10742","targetHints":{"allow":["GET"]}}],"collection":[{"href":"https:\/\/yotavis.ch\/it\/wp-json\/wp\/v2\/product"}],"about":[{"href":"https:\/\/yotavis.ch\/it\/wp-json\/wp\/v2\/types\/product"}],"replies":[{"embeddable":true,"href":"https:\/\/yotavis.ch\/it\/wp-json\/wp\/v2\/comments?post=10742"}],"wp:featuredmedia":[{"embeddable":true,"href":"https:\/\/yotavis.ch\/it\/wp-json\/wp\/v2\/media\/11554"}],"wp:attachment":[{"href":"https:\/\/yotavis.ch\/it\/wp-json\/wp\/v2\/media?parent=10742"}],"wp:term":[{"taxonomy":"product_brand","embeddable":true,"href":"https:\/\/yotavis.ch\/it\/wp-json\/wp\/v2\/product_brand?post=10742"},{"taxonomy":"product_cat","embeddable":true,"href":"https:\/\/yotavis.ch\/it\/wp-json\/wp\/v2\/product_cat?post=10742"},{"taxonomy":"product_tag","embeddable":true,"href":"https:\/\/yotavis.ch\/it\/wp-json\/wp\/v2\/product_tag?post=10742"}],"curies":[{"name":"wp","href":"https:\/\/api.w.org\/{rel}","templated":true}]}}