{"id":10747,"date":"2025-10-09T00:00:00","date_gmt":"2025-10-08T22:00:00","guid":{"rendered":"https:\/\/yotavis.ch\/product\/it6512d\/"},"modified":"2026-04-24T13:44:46","modified_gmt":"2026-04-24T11:44:46","slug":"it6512d","status":"publish","type":"product","link":"https:\/\/yotavis.ch\/it\/prodotto\/it6512d\/","title":{"rendered":"IT6512D"},"content":{"rendered":"<p>L'ITECH IT6512D \u00e8 un alimentatore CC con una potenza massima di uscita di 1800 watt. Funziona con una tensione fino a 80 volt e pu\u00f2 erogare una corrente fino a 120 ampere. Questo modello \u00e8 dotato di un singolo canale di uscita, che lo rende adatto alle applicazioni che richiedono una sorgente CC stabile e ad alta corrente. Il dispositivo \u00e8 progettato in un fattore di forma 2U, standard per le apparecchiature montate su rack. Supporta la funzionalit\u00e0 di controllo remoto, consentendo agli utenti di azionare l'alimentatore a distanza. L'IT6512D \u00e8 dotato di diverse interfacce standard, tra cui RS232, USB, LAN, CAN e analogiche, che offrono opzioni di connettivit\u00e0 versatili per l'integrazione in vari sistemi. Questa combinazione di alimentazione, controllo e connettivit\u00e0 rende l'IT6512D uno strumento flessibile per gli ambienti di test e sviluppo.<\/p>","protected":false},"excerpt":{"rendered":"<p>DC PSU 80V\/120A, 1800W ;2U  (Standard RS232\/USB\/LAN\/CAN\/Analogue interface)<\/p>","protected":false},"featured_media":11561,"comment_status":"closed","ping_status":"closed","template":"","meta":{"_acf_changed":false,"slim_seo":{"title":"IT6512D - YOTAVIS AG","description":"Alimentatore DC 80V\/120A, 1800W ;2U (interfaccia standard RS232\/USB\/LAN\/CAN\/Analogica)"}},"product_brand":[822],"product_cat":[516,515],"product_tag":[],"class_list":{"0":"post-10747","1":"product","2":"type-product","3":"status-publish","4":"has-post-thumbnail","6":"product_brand-itech","7":"product_cat-dc-source-en","8":"product_cat-power-en","9":"pa_current-a-559","10":"pa_output-number-146","11":"pa_power-w-963","12":"pa_remote-control-yes","13":"pa_voltage-v-155","15":"first","16":"instock","17":"taxable","18":"shipping-taxable","19":"product-type-simple"},"acf":[],"_links":{"self":[{"href":"https:\/\/yotavis.ch\/it\/wp-json\/wp\/v2\/product\/10747","targetHints":{"allow":["GET"]}}],"collection":[{"href":"https:\/\/yotavis.ch\/it\/wp-json\/wp\/v2\/product"}],"about":[{"href":"https:\/\/yotavis.ch\/it\/wp-json\/wp\/v2\/types\/product"}],"replies":[{"embeddable":true,"href":"https:\/\/yotavis.ch\/it\/wp-json\/wp\/v2\/comments?post=10747"}],"wp:featuredmedia":[{"embeddable":true,"href":"https:\/\/yotavis.ch\/it\/wp-json\/wp\/v2\/media\/11561"}],"wp:attachment":[{"href":"https:\/\/yotavis.ch\/it\/wp-json\/wp\/v2\/media?parent=10747"}],"wp:term":[{"taxonomy":"product_brand","embeddable":true,"href":"https:\/\/yotavis.ch\/it\/wp-json\/wp\/v2\/product_brand?post=10747"},{"taxonomy":"product_cat","embeddable":true,"href":"https:\/\/yotavis.ch\/it\/wp-json\/wp\/v2\/product_cat?post=10747"},{"taxonomy":"product_tag","embeddable":true,"href":"https:\/\/yotavis.ch\/it\/wp-json\/wp\/v2\/product_tag?post=10747"}],"curies":[{"name":"wp","href":"https:\/\/api.w.org\/{rel}","templated":true}]}}