{"id":10754,"date":"2025-10-09T00:00:00","date_gmt":"2025-10-08T22:00:00","guid":{"rendered":"https:\/\/yotavis.ch\/product\/it6516c\/"},"modified":"2026-04-24T13:44:49","modified_gmt":"2026-04-24T11:44:49","slug":"it6516c","status":"publish","type":"product","link":"https:\/\/yotavis.ch\/it\/prodotto\/it6516c\/","title":{"rendered":"IT6516C"},"content":{"rendered":"<p>L'ITECH IT6516C \u00e8 un alimentatore CC con una tensione di uscita massima di 750 volt e una capacit\u00e0 di corrente di 15 ampere, per una potenza totale di 1800 watt. \u00c8 dotato di un singolo canale di uscita ed \u00e8 progettato in un fattore di forma 2U. Il dispositivo supporta la funzionalit\u00e0 di controllo remoto, consentendo il funzionamento tramite interfacce standard RS232, USB, LAN, CAN e analogiche. Questa gamma di opzioni di connettivit\u00e0 facilita l'integrazione in vari ambienti di test e automazione. L'alimentatore \u00e8 adatto per applicazioni che richiedono un'erogazione precisa di corrente continua con un'elevata tensione e corrente nominale. Il suo design e le sue opzioni di interfaccia lo rendono adatto all'uso in ambienti di laboratorio, industriali o di produzione in cui sono necessari il monitoraggio e il controllo a distanza.<\/p>","protected":false},"excerpt":{"rendered":"<p>DC PSU 750V\/15A, 1800W ;2U  (Standard RS232\/USB\/LAN\/CAN\/Analogue interface)<\/p>","protected":false},"featured_media":11561,"comment_status":"closed","ping_status":"closed","template":"","meta":{"_acf_changed":false,"slim_seo":{"title":"IT6516C - YOTAVIS AG","description":"Alimentatore DC 750V\/15A, 1800W ;2U (interfaccia standard RS232\/USB\/LAN\/CAN\/Analogica)"}},"product_brand":[822],"product_cat":[516,515],"product_tag":[],"class_list":{"0":"post-10754","1":"product","2":"type-product","3":"status-publish","4":"has-post-thumbnail","6":"product_brand-itech","7":"product_cat-dc-source-en","8":"product_cat-power-en","9":"pa_current-a-410","10":"pa_output-number-146","11":"pa_power-w-963","12":"pa_remote-control-yes","13":"pa_voltage-v-965","15":"first","16":"instock","17":"taxable","18":"shipping-taxable","19":"product-type-simple"},"acf":[],"_links":{"self":[{"href":"https:\/\/yotavis.ch\/it\/wp-json\/wp\/v2\/product\/10754","targetHints":{"allow":["GET"]}}],"collection":[{"href":"https:\/\/yotavis.ch\/it\/wp-json\/wp\/v2\/product"}],"about":[{"href":"https:\/\/yotavis.ch\/it\/wp-json\/wp\/v2\/types\/product"}],"replies":[{"embeddable":true,"href":"https:\/\/yotavis.ch\/it\/wp-json\/wp\/v2\/comments?post=10754"}],"wp:featuredmedia":[{"embeddable":true,"href":"https:\/\/yotavis.ch\/it\/wp-json\/wp\/v2\/media\/11561"}],"wp:attachment":[{"href":"https:\/\/yotavis.ch\/it\/wp-json\/wp\/v2\/media?parent=10754"}],"wp:term":[{"taxonomy":"product_brand","embeddable":true,"href":"https:\/\/yotavis.ch\/it\/wp-json\/wp\/v2\/product_brand?post=10754"},{"taxonomy":"product_cat","embeddable":true,"href":"https:\/\/yotavis.ch\/it\/wp-json\/wp\/v2\/product_cat?post=10754"},{"taxonomy":"product_tag","embeddable":true,"href":"https:\/\/yotavis.ch\/it\/wp-json\/wp\/v2\/product_tag?post=10754"}],"curies":[{"name":"wp","href":"https:\/\/api.w.org\/{rel}","templated":true}]}}