{"id":10767,"date":"2025-10-09T00:00:00","date_gmt":"2025-10-08T22:00:00","guid":{"rendered":"https:\/\/yotavis.ch\/product\/it6526d\/"},"modified":"2026-04-24T13:44:56","modified_gmt":"2026-04-24T11:44:56","slug":"it6526d","status":"publish","type":"product","link":"https:\/\/yotavis.ch\/it\/prodotto\/it6526d\/","title":{"rendered":"IT6526D"},"content":{"rendered":"<p>L'ITECH IT6526D \u00e8 un alimentatore CC con una tensione massima di uscita di 750 volt e una capacit\u00e0 di corrente di 15 ampere, in grado di erogare fino a 3000 watt di potenza. \u00c8 dotato di un singolo canale di uscita e supporta la funzionalit\u00e0 di controllo remoto, consentendo un comodo funzionamento a distanza. L'unit\u00e0 \u00e8 progettata con un fattore di forma 2U, che la rende adatta al montaggio a rack in rack di apparecchiature standard. Le opzioni di connettivit\u00e0 includono interfacce standard RS232, USB, LAN, CAN e analogiche, per offrire funzionalit\u00e0 di comunicazione e controllo versatili. Questo alimentatore \u00e8 stato progettato per soddisfare le esigenze di varie applicazioni che richiedono un'erogazione precisa di corrente continua. Il suo design robusto e le molteplici opzioni di interfaccia lo rendono adattabile all'integrazione in diversi ambienti di test e operativi.<\/p>","protected":false},"excerpt":{"rendered":"<p>DC PSU 750V\/15A, 3000W ;2U   (Standard RS232\/USB\/LAN\/CAN\/Analogue interface)<\/p>","protected":false},"featured_media":11561,"comment_status":"closed","ping_status":"closed","template":"","meta":{"_acf_changed":false,"slim_seo":{"title":"IT6526D - YOTAVIS AG","description":"Alimentatore DC 750V\/15A, 3000W ;2U (interfaccia standard RS232\/USB\/LAN\/CAN\/Analogica)"}},"product_brand":[822],"product_cat":[516,515],"product_tag":[],"class_list":{"0":"post-10767","1":"product","2":"type-product","3":"status-publish","4":"has-post-thumbnail","6":"product_brand-itech","7":"product_cat-dc-source-en","8":"product_cat-power-en","9":"pa_current-a-410","10":"pa_output-number-146","11":"pa_power-w-632","12":"pa_remote-control-yes","13":"pa_voltage-v-965","15":"first","16":"instock","17":"taxable","18":"shipping-taxable","19":"product-type-simple"},"acf":[],"_links":{"self":[{"href":"https:\/\/yotavis.ch\/it\/wp-json\/wp\/v2\/product\/10767","targetHints":{"allow":["GET"]}}],"collection":[{"href":"https:\/\/yotavis.ch\/it\/wp-json\/wp\/v2\/product"}],"about":[{"href":"https:\/\/yotavis.ch\/it\/wp-json\/wp\/v2\/types\/product"}],"replies":[{"embeddable":true,"href":"https:\/\/yotavis.ch\/it\/wp-json\/wp\/v2\/comments?post=10767"}],"wp:featuredmedia":[{"embeddable":true,"href":"https:\/\/yotavis.ch\/it\/wp-json\/wp\/v2\/media\/11561"}],"wp:attachment":[{"href":"https:\/\/yotavis.ch\/it\/wp-json\/wp\/v2\/media?parent=10767"}],"wp:term":[{"taxonomy":"product_brand","embeddable":true,"href":"https:\/\/yotavis.ch\/it\/wp-json\/wp\/v2\/product_brand?post=10767"},{"taxonomy":"product_cat","embeddable":true,"href":"https:\/\/yotavis.ch\/it\/wp-json\/wp\/v2\/product_cat?post=10767"},{"taxonomy":"product_tag","embeddable":true,"href":"https:\/\/yotavis.ch\/it\/wp-json\/wp\/v2\/product_tag?post=10767"}],"curies":[{"name":"wp","href":"https:\/\/api.w.org\/{rel}","templated":true}]}}