{"id":10779,"date":"2025-10-09T00:00:00","date_gmt":"2025-10-08T22:00:00","guid":{"rendered":"https:\/\/yotavis.ch\/product\/it6536d\/"},"modified":"2026-04-24T13:45:02","modified_gmt":"2026-04-24T11:45:02","slug":"it6536d","status":"publish","type":"product","link":"https:\/\/yotavis.ch\/it\/prodotto\/it6536d\/","title":{"rendered":"IT6536D"},"content":{"rendered":"<p>L'ITECH IT6536D \u00e8 un alimentatore CC con una tensione di uscita massima di 750 volt e una capacit\u00e0 di corrente di 30 ampere, per una potenza totale di 6000 watt. \u00c8 dotato di un singolo canale di uscita ed \u00e8 progettato in un fattore di forma 4U. Il dispositivo supporta la funzionalit\u00e0 di controllo remoto, consentendo il funzionamento e il monitoraggio a distanza. Include interfacce di comunicazione standard come RS232, USB, LAN, CAN e analogiche, per facilitare le opzioni di connettivit\u00e0 versatili. Questo alimentatore \u00e8 adatto ad applicazioni che richiedono alta tensione e corrente con un controllo preciso. La combinazione di potenza nominale e opzioni di interfaccia lo rende adattabile a diversi ambienti di test e sviluppo.<\/p>","protected":false},"excerpt":{"rendered":"<p>DC PSU 750V\/30A, 6000W  ; 4U   (Standard RS232\/USB\/LAN\/CAN\/Analogue interface)<\/p>","protected":false},"featured_media":12326,"comment_status":"closed","ping_status":"closed","template":"","meta":{"_acf_changed":false,"slim_seo":{"title":"IT6536D - YOTAVIS AG","description":"Alimentatore DC 750V\/30A, 6000W; 4U (interfaccia standard RS232\/USB\/LAN\/CAN\/Analogica)"}},"product_brand":[822],"product_cat":[516,515],"product_tag":[],"class_list":{"0":"post-10779","1":"product","2":"type-product","3":"status-publish","4":"has-post-thumbnail","6":"product_brand-itech","7":"product_cat-dc-source-en","8":"product_cat-power-en","9":"pa_current-a-404","10":"pa_output-number-146","11":"pa_power-w-626","12":"pa_remote-control-yes","13":"pa_voltage-v-965","15":"first","16":"instock","17":"taxable","18":"shipping-taxable","19":"product-type-simple"},"acf":[],"_links":{"self":[{"href":"https:\/\/yotavis.ch\/it\/wp-json\/wp\/v2\/product\/10779","targetHints":{"allow":["GET"]}}],"collection":[{"href":"https:\/\/yotavis.ch\/it\/wp-json\/wp\/v2\/product"}],"about":[{"href":"https:\/\/yotavis.ch\/it\/wp-json\/wp\/v2\/types\/product"}],"replies":[{"embeddable":true,"href":"https:\/\/yotavis.ch\/it\/wp-json\/wp\/v2\/comments?post=10779"}],"wp:featuredmedia":[{"embeddable":true,"href":"https:\/\/yotavis.ch\/it\/wp-json\/wp\/v2\/media\/12326"}],"wp:attachment":[{"href":"https:\/\/yotavis.ch\/it\/wp-json\/wp\/v2\/media?parent=10779"}],"wp:term":[{"taxonomy":"product_brand","embeddable":true,"href":"https:\/\/yotavis.ch\/it\/wp-json\/wp\/v2\/product_brand?post=10779"},{"taxonomy":"product_cat","embeddable":true,"href":"https:\/\/yotavis.ch\/it\/wp-json\/wp\/v2\/product_cat?post=10779"},{"taxonomy":"product_tag","embeddable":true,"href":"https:\/\/yotavis.ch\/it\/wp-json\/wp\/v2\/product_tag?post=10779"}],"curies":[{"name":"wp","href":"https:\/\/api.w.org\/{rel}","templated":true}]}}