{"id":10781,"date":"2025-10-09T00:00:00","date_gmt":"2025-10-08T22:00:00","guid":{"rendered":"https:\/\/yotavis.ch\/product\/it6537d\/"},"modified":"2026-04-24T13:45:03","modified_gmt":"2026-04-24T11:45:03","slug":"it6537d","status":"publish","type":"product","link":"https:\/\/yotavis.ch\/it\/prodotto\/it6537d\/","title":{"rendered":"IT6537D"},"content":{"rendered":"<p>L'IT6537D \u00e8 un alimentatore CC con una tensione massima di uscita di 1000 volt e una capacit\u00e0 di corrente di 20 ampere, per una potenza totale di 6000 watt. \u00c8 dotato di un singolo canale di uscita e supporta la funzionalit\u00e0 di controllo remoto, consentendo un comodo funzionamento a distanza. L'unit\u00e0 \u00e8 progettata in un fattore di forma 4U e comprende interfacce standard come RS232, USB, LAN, CAN e connessioni analogiche, che facilitano la comunicazione versatile e l'integrazione con altre apparecchiature. Questo alimentatore \u00e8 adatto ad applicazioni che richiedono alta tensione e corrente con un controllo preciso. L'inclusione di pi\u00f9 opzioni di interfaccia garantisce la compatibilit\u00e0 con diversi sistemi di controllo e di monitoraggio. La robusta potenza nominale e la connettivit\u00e0 completa lo rendono una scelta pratica per gli ambienti di test e sviluppo elettrico pi\u00f9 esigenti.<\/p>","protected":false},"excerpt":{"rendered":"<p>DC PSU 1000V\/20A, 6000W ; 4U   (Standard RS232\/USB\/LAN\/CAN\/Analogue interface)<\/p>","protected":false},"featured_media":12326,"comment_status":"closed","ping_status":"closed","template":"","meta":{"_acf_changed":false,"slim_seo":{"title":"IT6537D - YOTAVIS AG","description":"Alimentatore DC 1000V\/20A, 6000W; 4U (interfaccia standard RS232\/USB\/LAN\/CAN\/Analogica)"}},"product_brand":[822],"product_cat":[516,515],"product_tag":[],"class_list":{"0":"post-10781","1":"product","2":"type-product","3":"status-publish","4":"has-post-thumbnail","6":"product_brand-itech","7":"product_cat-dc-source-en","8":"product_cat-power-en","9":"pa_current-a-552","10":"pa_output-number-146","11":"pa_power-w-626","12":"pa_remote-control-yes","13":"pa_voltage-v-639","15":"first","16":"instock","17":"taxable","18":"shipping-taxable","19":"product-type-simple"},"acf":[],"_links":{"self":[{"href":"https:\/\/yotavis.ch\/it\/wp-json\/wp\/v2\/product\/10781","targetHints":{"allow":["GET"]}}],"collection":[{"href":"https:\/\/yotavis.ch\/it\/wp-json\/wp\/v2\/product"}],"about":[{"href":"https:\/\/yotavis.ch\/it\/wp-json\/wp\/v2\/types\/product"}],"replies":[{"embeddable":true,"href":"https:\/\/yotavis.ch\/it\/wp-json\/wp\/v2\/comments?post=10781"}],"wp:featuredmedia":[{"embeddable":true,"href":"https:\/\/yotavis.ch\/it\/wp-json\/wp\/v2\/media\/12326"}],"wp:attachment":[{"href":"https:\/\/yotavis.ch\/it\/wp-json\/wp\/v2\/media?parent=10781"}],"wp:term":[{"taxonomy":"product_brand","embeddable":true,"href":"https:\/\/yotavis.ch\/it\/wp-json\/wp\/v2\/product_brand?post=10781"},{"taxonomy":"product_cat","embeddable":true,"href":"https:\/\/yotavis.ch\/it\/wp-json\/wp\/v2\/product_cat?post=10781"},{"taxonomy":"product_tag","embeddable":true,"href":"https:\/\/yotavis.ch\/it\/wp-json\/wp\/v2\/product_tag?post=10781"}],"curies":[{"name":"wp","href":"https:\/\/api.w.org\/{rel}","templated":true}]}}