{"id":10796,"date":"2025-10-09T00:00:00","date_gmt":"2025-10-08T22:00:00","guid":{"rendered":"https:\/\/yotavis.ch\/product\/it6726v\/"},"modified":"2026-04-24T13:45:11","modified_gmt":"2026-04-24T11:45:11","slug":"it6726v","status":"publish","type":"product","link":"https:\/\/yotavis.ch\/it\/prodotto\/it6726v\/","title":{"rendered":"IT6726V"},"content":{"rendered":"<p>L'ITECH IT6726V \u00e8 un alimentatore CC progettato per fornire una potenza massima di 3000 watt. Funziona con una tensione di 1200 volt e una corrente di 5 ampere, fornendo un singolo canale di uscita. L'unit\u00e0 \u00e8 alloggiata in un fattore di forma 2U, che la rende adatta al montaggio a rack in varie configurazioni. \u00c8 dotato di interfacce RS232 e USB standard per la connettivit\u00e0, che consentono funzionalit\u00e0 di controllo remoto. Questo alimentatore \u00e8 stato progettato per supportare un'erogazione di potenza precisa e affidabile, con funzionalit\u00e0 di controllo remoto che ne migliorano l'utilizzabilit\u00e0 in ambienti automatizzati o controllati. La combinazione di valori di tensione e corrente elevati lo rende adatto ad applicazioni complesse che richiedono un'alimentazione CC stabile. La presenza di interfacce RS232 e USB garantisce la compatibilit\u00e0 con una vasta gamma di sistemi di controllo e piattaforme software.<\/p>","protected":false},"excerpt":{"rendered":"<p>Alimentatore DC 1200V\/5A\/3000W; 2U; (RS232\/USB standard)<\/p>","protected":false},"featured_media":12333,"comment_status":"closed","ping_status":"closed","template":"","meta":{"_acf_changed":false,"slim_seo":{"title":"IT6726V - YOTAVIS AG","description":"Alimentatore DC 1200V\/5A\/3000W; 2U; (RS232\/USB standard)"}},"product_brand":[822],"product_cat":[516,515],"product_tag":[],"class_list":{"0":"post-10796","1":"product","2":"type-product","3":"status-publish","4":"has-post-thumbnail","6":"product_brand-itech","7":"product_cat-dc-source-en","8":"product_cat-power-en","9":"pa_current-a-392","10":"pa_output-number-146","11":"pa_power-w-632","12":"pa_remote-control-yes","13":"pa_voltage-v-922","15":"first","16":"instock","17":"taxable","18":"shipping-taxable","19":"product-type-simple"},"acf":[],"_links":{"self":[{"href":"https:\/\/yotavis.ch\/it\/wp-json\/wp\/v2\/product\/10796","targetHints":{"allow":["GET"]}}],"collection":[{"href":"https:\/\/yotavis.ch\/it\/wp-json\/wp\/v2\/product"}],"about":[{"href":"https:\/\/yotavis.ch\/it\/wp-json\/wp\/v2\/types\/product"}],"replies":[{"embeddable":true,"href":"https:\/\/yotavis.ch\/it\/wp-json\/wp\/v2\/comments?post=10796"}],"wp:featuredmedia":[{"embeddable":true,"href":"https:\/\/yotavis.ch\/it\/wp-json\/wp\/v2\/media\/12333"}],"wp:attachment":[{"href":"https:\/\/yotavis.ch\/it\/wp-json\/wp\/v2\/media?parent=10796"}],"wp:term":[{"taxonomy":"product_brand","embeddable":true,"href":"https:\/\/yotavis.ch\/it\/wp-json\/wp\/v2\/product_brand?post=10796"},{"taxonomy":"product_cat","embeddable":true,"href":"https:\/\/yotavis.ch\/it\/wp-json\/wp\/v2\/product_cat?post=10796"},{"taxonomy":"product_tag","embeddable":true,"href":"https:\/\/yotavis.ch\/it\/wp-json\/wp\/v2\/product_tag?post=10796"}],"curies":[{"name":"wp","href":"https:\/\/api.w.org\/{rel}","templated":true}]}}