{"id":10811,"date":"2025-10-09T00:00:00","date_gmt":"2025-10-08T22:00:00","guid":{"rendered":"https:\/\/yotavis.ch\/product\/it6835a\/"},"modified":"2026-04-24T13:45:18","modified_gmt":"2026-04-24T11:45:18","slug":"it6835a","status":"publish","type":"product","link":"https:\/\/yotavis.ch\/it\/prodotto\/it6835a\/","title":{"rendered":"IT6835A"},"content":{"rendered":"<p>L'IT6835A \u00e8 un alimentatore CC con una tensione di uscita compresa tra 0 e 50 volt e una corrente massima di 4 ampere, in grado di erogare fino a 200 watt di potenza. \u00c8 dotato di un singolo canale di uscita ed \u00e8 progettato per essere inserito in un fattore di forma 2U half rack. Il dispositivo supporta la funzionalit\u00e0 di controllo remoto, consentendo il funzionamento tramite interfacce standard RS232 e USB. Questo alimentatore \u00e8 adatto per applicazioni che richiedono un controllo preciso della tensione e della corrente entro i limiti specificati. Il suo design compatto e le opzioni di interfaccia lo rendono adattabile all'integrazione in vari ambienti di test e sviluppo.<\/p>","protected":false},"excerpt":{"rendered":"<p>DC PSU 0-50V\/0-4A, 200W; 2U half rack;  (standard RS232\/USB Interfaces)<\/p>","protected":false},"featured_media":11571,"comment_status":"closed","ping_status":"closed","template":"","meta":{"_acf_changed":false,"slim_seo":{"title":"IT6835A - YOTAVIS AG","description":"Alimentatore DC 0-50V\/0-4A, 200W; mezzo rack 2U; (interfacce RS232\/USB standard)"}},"product_brand":[822],"product_cat":[516,515],"product_tag":[],"class_list":{"0":"post-10811","1":"product","2":"type-product","3":"status-publish","4":"has-post-thumbnail","6":"product_brand-itech","7":"product_cat-dc-source-en","8":"product_cat-power-en","9":"pa_current-a-579","10":"pa_output-number-146","11":"pa_power-w-414","12":"pa_remote-control-yes","13":"pa_voltage-v-154","15":"first","16":"instock","17":"taxable","18":"shipping-taxable","19":"product-type-simple"},"acf":[],"_links":{"self":[{"href":"https:\/\/yotavis.ch\/it\/wp-json\/wp\/v2\/product\/10811","targetHints":{"allow":["GET"]}}],"collection":[{"href":"https:\/\/yotavis.ch\/it\/wp-json\/wp\/v2\/product"}],"about":[{"href":"https:\/\/yotavis.ch\/it\/wp-json\/wp\/v2\/types\/product"}],"replies":[{"embeddable":true,"href":"https:\/\/yotavis.ch\/it\/wp-json\/wp\/v2\/comments?post=10811"}],"wp:featuredmedia":[{"embeddable":true,"href":"https:\/\/yotavis.ch\/it\/wp-json\/wp\/v2\/media\/11571"}],"wp:attachment":[{"href":"https:\/\/yotavis.ch\/it\/wp-json\/wp\/v2\/media?parent=10811"}],"wp:term":[{"taxonomy":"product_brand","embeddable":true,"href":"https:\/\/yotavis.ch\/it\/wp-json\/wp\/v2\/product_brand?post=10811"},{"taxonomy":"product_cat","embeddable":true,"href":"https:\/\/yotavis.ch\/it\/wp-json\/wp\/v2\/product_cat?post=10811"},{"taxonomy":"product_tag","embeddable":true,"href":"https:\/\/yotavis.ch\/it\/wp-json\/wp\/v2\/product_tag?post=10811"}],"curies":[{"name":"wp","href":"https:\/\/api.w.org\/{rel}","templated":true}]}}