{"id":10813,"date":"2025-10-09T00:00:00","date_gmt":"2025-10-08T22:00:00","guid":{"rendered":"https:\/\/yotavis.ch\/product\/it6922b\/"},"modified":"2026-04-24T13:45:19","modified_gmt":"2026-04-24T11:45:19","slug":"it6922b","status":"publish","type":"product","link":"https:\/\/yotavis.ch\/it\/prodotto\/it6922b\/","title":{"rendered":"IT6922B"},"content":{"rendered":"<p>L'ITECH IT6922B \u00e8 un alimentatore CC con una tensione di uscita massima di 60 volt e una capacit\u00e0 di corrente di 5 ampere, per una potenza totale di 100 watt. Il design a mezzo rack 2U lo rende adatto all'integrazione in rack di apparecchiature standard. Questo modello include un canale di uscita e supporta la funzionalit\u00e0 di controllo remoto, consentendo un comodo funzionamento a distanza. Il dispositivo \u00e8 dotato di diverse interfacce di comunicazione standard, tra cui RS232, USB, analogica e RS485, che facilitano le opzioni di connettivit\u00e0 versatili per varie applicazioni. Il suo design enfatizza la compatibilit\u00e0 e la facilit\u00e0 d'uso in ambienti controllati dove \u00e8 richiesta un'erogazione precisa di corrente continua. L'IT6922B \u00e8 prodotto da ITECH, un marchio noto per la produzione di apparecchiature elettroniche di test e misura. Questo alimentatore \u00e8 stato progettato per soddisfare le esigenze degli utenti che richiedono fonti di alimentazione CC affidabili e regolabili con funzionalit\u00e0 di gestione remota.<\/p>","protected":false},"excerpt":{"rendered":"<p>Alimentatore DC 60V\/5A\/100W; mezzo rack 2U; (standard RS232\/USB\/analogico\/RS485)<\/p>","protected":false},"featured_media":11577,"comment_status":"closed","ping_status":"closed","template":"","meta":{"_acf_changed":false,"slim_seo":{"title":"IT6922B - YOTAVIS AG","description":"Alimentatore DC 60V\/5A\/100W; mezzo rack 2U; (standard RS232\/USB\/analogico\/RS485)"}},"product_brand":[822],"product_cat":[516,515],"product_tag":[],"class_list":{"0":"post-10813","1":"product","2":"type-product","3":"status-publish","4":"has-post-thumbnail","6":"product_brand-itech","7":"product_cat-dc-source-en","8":"product_cat-power-en","9":"pa_current-a-392","10":"pa_output-number-146","11":"pa_power-w-481","12":"pa_remote-control-yes","13":"pa_voltage-v-314","15":"first","16":"instock","17":"taxable","18":"shipping-taxable","19":"product-type-simple"},"acf":[],"_links":{"self":[{"href":"https:\/\/yotavis.ch\/it\/wp-json\/wp\/v2\/product\/10813","targetHints":{"allow":["GET"]}}],"collection":[{"href":"https:\/\/yotavis.ch\/it\/wp-json\/wp\/v2\/product"}],"about":[{"href":"https:\/\/yotavis.ch\/it\/wp-json\/wp\/v2\/types\/product"}],"replies":[{"embeddable":true,"href":"https:\/\/yotavis.ch\/it\/wp-json\/wp\/v2\/comments?post=10813"}],"wp:featuredmedia":[{"embeddable":true,"href":"https:\/\/yotavis.ch\/it\/wp-json\/wp\/v2\/media\/11577"}],"wp:attachment":[{"href":"https:\/\/yotavis.ch\/it\/wp-json\/wp\/v2\/media?parent=10813"}],"wp:term":[{"taxonomy":"product_brand","embeddable":true,"href":"https:\/\/yotavis.ch\/it\/wp-json\/wp\/v2\/product_brand?post=10813"},{"taxonomy":"product_cat","embeddable":true,"href":"https:\/\/yotavis.ch\/it\/wp-json\/wp\/v2\/product_cat?post=10813"},{"taxonomy":"product_tag","embeddable":true,"href":"https:\/\/yotavis.ch\/it\/wp-json\/wp\/v2\/product_tag?post=10813"}],"curies":[{"name":"wp","href":"https:\/\/api.w.org\/{rel}","templated":true}]}}