{"id":10859,"date":"2025-10-09T00:00:00","date_gmt":"2025-10-08T22:00:00","guid":{"rendered":"https:\/\/yotavis.ch\/product\/it8811\/"},"modified":"2026-04-24T13:45:39","modified_gmt":"2026-04-24T11:45:39","slug":"it8811","status":"publish","type":"product","link":"https:\/\/yotavis.ch\/it\/prodotto\/it8811\/","title":{"rendered":"IT8811"},"content":{"rendered":"<p>L'IT8811 \u00e8 un carico elettronico CC progettato per funzionare a 120 volt e 30 ampere, con una potenza massima di 150 watt. Presenta un fattore di forma 2U half rack e include interfacce RS232 e USB standard per la connettivit\u00e0. Questo dispositivo supporta la funzionalit\u00e0 di controllo remoto, consentendo un comodo funzionamento a distanza. L'IT8811 \u00e8 dotato di un singolo canale di uscita, che lo rende adatto ad applicazioni che richiedono test di carico precisi. Il suo design consente di gestire una serie di scenari di test entro i limiti di tensione e corrente specificati. La combinazione di potenza nominale e opzioni di controllo lo rende uno strumento versatile per le prove di carico elettronico in vari ambienti.<\/p>","protected":false},"excerpt":{"rendered":"<p>E-load DC 120V\/30A\/150W; mezzo rack 2U (RS232\/USB standard)<\/p>","protected":false},"featured_media":11916,"comment_status":"closed","ping_status":"closed","template":"","meta":{"_acf_changed":false,"slim_seo":{"title":"IT8811 - YOTAVIS AG","description":"E-load DC 120V\/30A\/150W; mezzo rack 2U (RS232\/USB standard)"}},"product_brand":[822],"product_cat":[517,515],"product_tag":[],"class_list":{"0":"post-10859","1":"product","2":"type-product","3":"status-publish","4":"has-post-thumbnail","6":"product_brand-itech","7":"product_cat-dc-load-en","8":"product_cat-power-en","9":"pa_current-a-404","10":"pa_output-number-146","11":"pa_power-w-391","12":"pa_remote-control-yes","13":"pa_voltage-v-979","15":"first","16":"instock","17":"taxable","18":"shipping-taxable","19":"product-type-simple"},"acf":[],"_links":{"self":[{"href":"https:\/\/yotavis.ch\/it\/wp-json\/wp\/v2\/product\/10859","targetHints":{"allow":["GET"]}}],"collection":[{"href":"https:\/\/yotavis.ch\/it\/wp-json\/wp\/v2\/product"}],"about":[{"href":"https:\/\/yotavis.ch\/it\/wp-json\/wp\/v2\/types\/product"}],"replies":[{"embeddable":true,"href":"https:\/\/yotavis.ch\/it\/wp-json\/wp\/v2\/comments?post=10859"}],"wp:featuredmedia":[{"embeddable":true,"href":"https:\/\/yotavis.ch\/it\/wp-json\/wp\/v2\/media\/11916"}],"wp:attachment":[{"href":"https:\/\/yotavis.ch\/it\/wp-json\/wp\/v2\/media?parent=10859"}],"wp:term":[{"taxonomy":"product_brand","embeddable":true,"href":"https:\/\/yotavis.ch\/it\/wp-json\/wp\/v2\/product_brand?post=10859"},{"taxonomy":"product_cat","embeddable":true,"href":"https:\/\/yotavis.ch\/it\/wp-json\/wp\/v2\/product_cat?post=10859"},{"taxonomy":"product_tag","embeddable":true,"href":"https:\/\/yotavis.ch\/it\/wp-json\/wp\/v2\/product_tag?post=10859"}],"curies":[{"name":"wp","href":"https:\/\/api.w.org\/{rel}","templated":true}]}}