{"id":10895,"date":"2025-10-09T00:00:00","date_gmt":"2025-10-08T22:00:00","guid":{"rendered":"https:\/\/yotavis.ch\/product\/it8902e-1200-80\/"},"modified":"2026-04-24T13:45:56","modified_gmt":"2026-04-24T11:45:56","slug":"it8902e-1200-80","status":"publish","type":"product","link":"https:\/\/yotavis.ch\/it\/prodotto\/it8902e-1200-80\/","title":{"rendered":"IT8902E-1200-80"},"content":{"rendered":"<p>L'ITECH IT8902E-1200-80 \u00e8 un carico elettronico in corrente continua progettato per gestire una tensione massima di 1200V e una corrente fino a 80A, con una capacit\u00e0 di potenza di 2000W. Questo modello \u00e8 dotato di un singolo canale di uscita e supporta la funzionalit\u00e0 di controllo remoto, consentendo un funzionamento versatile in vari ambienti di prova. \u00c8 alloggiato in uno chassis 4U e comprende diverse interfacce di comunicazione standard come LAN, USB, RS232, GPIB, CAN e un'interfaccia di controllo analogica esterna. Queste opzioni di connettivit\u00e0 facilitano l'integrazione con diversi sistemi e consentono un controllo e un monitoraggio precisi. Il dispositivo \u00e8 adatto per applicazioni che richiedono test di carico in corrente continua stabili e affidabili con valori di tensione e corrente elevati. Le sue opzioni di interfaccia complete lo rendono adattabile a configurazioni di test automatizzate e a scenari di funzionamento remoto.<\/p>","protected":false},"excerpt":{"rendered":"<p>DC E-load 1200V \/ 80A \/ 2kW,4U  (Standard LAN, USB, RS232, GPIB, CAN, external analog control interface)<\/p>","protected":false},"featured_media":11933,"comment_status":"closed","ping_status":"closed","template":"","meta":{"_acf_changed":false,"slim_seo":{"title":"IT8902E-1200-80 - YOTAVIS AG","description":"DC E-load 1200V \/ 80A \/ 2kW, 4U (LAN standard, USB, RS232, GPIB, CAN, interfaccia di controllo analogica esterna)"}},"product_brand":[822],"product_cat":[517,515],"product_tag":[],"class_list":{"0":"post-10895","1":"product","2":"type-product","3":"status-publish","4":"has-post-thumbnail","6":"product_brand-itech","7":"product_cat-dc-load-en","8":"product_cat-power-en","9":"pa_current-a-557","10":"pa_output-number-146","11":"pa_power-w-561","12":"pa_remote-control-yes","13":"pa_voltage-v-922","15":"first","16":"instock","17":"taxable","18":"shipping-taxable","19":"product-type-simple"},"acf":[],"_links":{"self":[{"href":"https:\/\/yotavis.ch\/it\/wp-json\/wp\/v2\/product\/10895","targetHints":{"allow":["GET"]}}],"collection":[{"href":"https:\/\/yotavis.ch\/it\/wp-json\/wp\/v2\/product"}],"about":[{"href":"https:\/\/yotavis.ch\/it\/wp-json\/wp\/v2\/types\/product"}],"replies":[{"embeddable":true,"href":"https:\/\/yotavis.ch\/it\/wp-json\/wp\/v2\/comments?post=10895"}],"wp:featuredmedia":[{"embeddable":true,"href":"https:\/\/yotavis.ch\/it\/wp-json\/wp\/v2\/media\/11933"}],"wp:attachment":[{"href":"https:\/\/yotavis.ch\/it\/wp-json\/wp\/v2\/media?parent=10895"}],"wp:term":[{"taxonomy":"product_brand","embeddable":true,"href":"https:\/\/yotavis.ch\/it\/wp-json\/wp\/v2\/product_brand?post=10895"},{"taxonomy":"product_cat","embeddable":true,"href":"https:\/\/yotavis.ch\/it\/wp-json\/wp\/v2\/product_cat?post=10895"},{"taxonomy":"product_tag","embeddable":true,"href":"https:\/\/yotavis.ch\/it\/wp-json\/wp\/v2\/product_tag?post=10895"}],"curies":[{"name":"wp","href":"https:\/\/api.w.org\/{rel}","templated":true}]}}