{"id":10897,"date":"2025-10-09T00:00:00","date_gmt":"2025-10-08T22:00:00","guid":{"rendered":"https:\/\/yotavis.ch\/product\/it8904e-150-400\/"},"modified":"2026-04-24T13:45:57","modified_gmt":"2026-04-24T11:45:57","slug":"it8904e-150-400","status":"publish","type":"product","link":"https:\/\/yotavis.ch\/it\/prodotto\/it8904e-150-400\/","title":{"rendered":"IT8904E-150-400"},"content":{"rendered":"<p>L'IT8904E-150-400 \u00e8 un carico elettronico CC progettato per gestire fino a 150 volt e 400 ampere, con una potenza massima di 4000 watt. \u00c8 dotato di un singolo canale di uscita e supporta la funzionalit\u00e0 di controllo remoto, consentendo un funzionamento flessibile in vari ambienti di test. Il dispositivo \u00e8 alloggiato in un fattore di forma 4U e comprende diverse interfacce di comunicazione standard come LAN, USB, RS232, GPIB, CAN e un'interfaccia di controllo analogica esterna. Queste interfacce consentono una perfetta integrazione con altre apparecchiature e facilitano i processi di test automatizzati. Il carico elettronico \u00e8 prodotto da ITECH, un marchio noto per la produzione di strumenti di prova di precisione. Il suo design supporta applicazioni ad alta corrente e tensione, rendendolo adatto a scenari di test di carico elettronico impegnativi. La combinazione della sua capacit\u00e0 di potenza e delle versatili opzioni di controllo lo rende una scelta pratica per l'uso in laboratorio e nell'industria.<\/p>","protected":false},"excerpt":{"rendered":"<p>DC E-load 150V \/ 400A\/ 4kW, 4U  (Standard LAN, USB, RS232, GPIB, CAN, external analog control interface)<\/p>","protected":false},"featured_media":11933,"comment_status":"closed","ping_status":"closed","template":"","meta":{"_acf_changed":false,"slim_seo":{"title":"IT8904E-150-400 - YOTAVIS AG","description":"E-load DC 150V \/ 400A\/ 4kW, 4U (LAN standard, USB, RS232, GPIB, CAN, interfaccia di controllo analogica esterna)"}},"product_brand":[822],"product_cat":[517,515],"product_tag":[],"class_list":{"0":"post-10897","1":"product","2":"type-product","3":"status-publish","4":"has-post-thumbnail","6":"product_brand-itech","7":"product_cat-dc-load-en","8":"product_cat-power-en","9":"pa_current-a-641","10":"pa_output-number-146","11":"pa_power-w-611","12":"pa_remote-control-yes","13":"pa_voltage-v-150","15":"first","16":"instock","17":"taxable","18":"shipping-taxable","19":"product-type-simple"},"acf":[],"_links":{"self":[{"href":"https:\/\/yotavis.ch\/it\/wp-json\/wp\/v2\/product\/10897","targetHints":{"allow":["GET"]}}],"collection":[{"href":"https:\/\/yotavis.ch\/it\/wp-json\/wp\/v2\/product"}],"about":[{"href":"https:\/\/yotavis.ch\/it\/wp-json\/wp\/v2\/types\/product"}],"replies":[{"embeddable":true,"href":"https:\/\/yotavis.ch\/it\/wp-json\/wp\/v2\/comments?post=10897"}],"wp:featuredmedia":[{"embeddable":true,"href":"https:\/\/yotavis.ch\/it\/wp-json\/wp\/v2\/media\/11933"}],"wp:attachment":[{"href":"https:\/\/yotavis.ch\/it\/wp-json\/wp\/v2\/media?parent=10897"}],"wp:term":[{"taxonomy":"product_brand","embeddable":true,"href":"https:\/\/yotavis.ch\/it\/wp-json\/wp\/v2\/product_brand?post=10897"},{"taxonomy":"product_cat","embeddable":true,"href":"https:\/\/yotavis.ch\/it\/wp-json\/wp\/v2\/product_cat?post=10897"},{"taxonomy":"product_tag","embeddable":true,"href":"https:\/\/yotavis.ch\/it\/wp-json\/wp\/v2\/product_tag?post=10897"}],"curies":[{"name":"wp","href":"https:\/\/api.w.org\/{rel}","templated":true}]}}