{"id":10918,"date":"2025-10-09T00:00:00","date_gmt":"2025-10-08T22:00:00","guid":{"rendered":"https:\/\/yotavis.ch\/product\/it8918a-600-1260\/"},"modified":"2026-04-24T13:46:10","modified_gmt":"2026-04-24T11:46:10","slug":"it8918a-600-1260","status":"publish","type":"product","link":"https:\/\/yotavis.ch\/it\/prodotto\/it8918a-600-1260\/","title":{"rendered":"IT8918A-600-1260"},"content":{"rendered":"<p>L'IT8918A-600-1260 \u00e8 un carico elettronico CC progettato per gestire una tensione massima di 600 volt e una corrente fino a 1260 ampere, con una capacit\u00e0 di potenza di 18.000 watt. Questo modello \u00e8 dotato di un singolo canale di uscita e supporta la funzionalit\u00e0 di controllo remoto, consentendo un funzionamento flessibile in vari ambienti di prova. \u00c8 alloggiato in uno chassis 15U e comprende diverse interfacce di comunicazione standard come LAN, USB, RS232, GPIB, CAN e un'interfaccia di controllo analogica esterna. Queste interfacce facilitano la perfetta integrazione con altre apparecchiature e consentono un controllo e un monitoraggio precisi. Il dispositivo \u00e8 prodotto da ITECH, un marchio noto per i suoi strumenti di test elettronici. La combinazione di tensione, corrente e potenza elevate rende questo carico elettronico adatto alle applicazioni pi\u00f9 complesse che richiedono test di carico CC robusti e affidabili. Le sue opzioni di connettivit\u00e0 complete garantiscono la compatibilit\u00e0 con un'ampia gamma di sistemi di controllo e di configurazioni di automazione, aumentando la sua versatilit\u00e0 in laboratorio e in ambito industriale.<\/p>","protected":false},"excerpt":{"rendered":"<p>DC E-load 600V \/ 1260A \/ 18kW, 15U  (Standard LAN, USB, RS232, GPIB, CAN, external analog control interface)<\/p>","protected":false},"featured_media":12376,"comment_status":"closed","ping_status":"closed","template":"","meta":{"_acf_changed":false,"slim_seo":{"title":"IT8918A-600-1260 - YOTAVIS AG","description":"E-load DC 600V \/ 1260A \/ 18kW, 15U (LAN standard, USB, RS232, GPIB, CAN, interfaccia di controllo analogica esterna)"}},"product_brand":[822],"product_cat":[517,515],"product_tag":[],"class_list":{"0":"post-10918","1":"product","2":"type-product","3":"status-publish","4":"has-post-thumbnail","6":"product_brand-itech","7":"product_cat-dc-load-en","8":"product_cat-power-en","9":"pa_current-a-996","10":"pa_output-number-146","11":"pa_power-w-629","12":"pa_remote-control-yes","13":"pa_voltage-v-920","15":"first","16":"instock","17":"taxable","18":"shipping-taxable","19":"product-type-simple"},"acf":[],"_links":{"self":[{"href":"https:\/\/yotavis.ch\/it\/wp-json\/wp\/v2\/product\/10918","targetHints":{"allow":["GET"]}}],"collection":[{"href":"https:\/\/yotavis.ch\/it\/wp-json\/wp\/v2\/product"}],"about":[{"href":"https:\/\/yotavis.ch\/it\/wp-json\/wp\/v2\/types\/product"}],"replies":[{"embeddable":true,"href":"https:\/\/yotavis.ch\/it\/wp-json\/wp\/v2\/comments?post=10918"}],"wp:featuredmedia":[{"embeddable":true,"href":"https:\/\/yotavis.ch\/it\/wp-json\/wp\/v2\/media\/12376"}],"wp:attachment":[{"href":"https:\/\/yotavis.ch\/it\/wp-json\/wp\/v2\/media?parent=10918"}],"wp:term":[{"taxonomy":"product_brand","embeddable":true,"href":"https:\/\/yotavis.ch\/it\/wp-json\/wp\/v2\/product_brand?post=10918"},{"taxonomy":"product_cat","embeddable":true,"href":"https:\/\/yotavis.ch\/it\/wp-json\/wp\/v2\/product_cat?post=10918"},{"taxonomy":"product_tag","embeddable":true,"href":"https:\/\/yotavis.ch\/it\/wp-json\/wp\/v2\/product_tag?post=10918"}],"curies":[{"name":"wp","href":"https:\/\/api.w.org\/{rel}","templated":true}]}}