{"id":10927,"date":"2025-10-09T00:00:00","date_gmt":"2025-10-08T22:00:00","guid":{"rendered":"https:\/\/yotavis.ch\/product\/it8924e-1200-960\/"},"modified":"2026-04-24T13:46:16","modified_gmt":"2026-04-24T11:46:16","slug":"it8924e-1200-960","status":"publish","type":"product","link":"https:\/\/yotavis.ch\/it\/prodotto\/it8924e-1200-960\/","title":{"rendered":"IT8924E-1200-960"},"content":{"rendered":"<p>L'IT8924E-1200-960 \u00e8 un carico elettronico in corrente continua con una tensione massima di 1200 V e una corrente massima di 960 A, con una capacit\u00e0 di potenza di 24 kW. \u00c8 dotato di un singolo canale di uscita e supporta la funzionalit\u00e0 di controllo remoto. Il dispositivo \u00e8 alloggiato in un fattore di forma 27U e comprende diverse interfacce di comunicazione standard come LAN, USB, RS232, GPIB, CAN e un'interfaccia di controllo analogica esterna. Queste interfacce consentono opzioni di connettivit\u00e0 versatili per l'integrazione in vari ambienti di test. Il carico elettronico \u00e8 progettato per gestire applicazioni ad alta potenza con capacit\u00e0 di controllo e monitoraggio precise. Il set completo di interfacce consente un funzionamento flessibile e una gestione remota, rendendolo adatto a configurazioni di test complesse in cui \u00e8 richiesta una simulazione accurata del carico.<\/p>","protected":false},"excerpt":{"rendered":"<p>DC E-load 1,200V \/ 960A \/ 24kW, 27U  (Standard LAN, USB, RS232, GPIB, CAN, external analog control interface)<\/p>","protected":false},"featured_media":12377,"comment_status":"closed","ping_status":"closed","template":"","meta":{"_acf_changed":false,"slim_seo":{"title":"IT8924E-1200-960 - YOTAVIS AG","description":"DC E-load 1.200V \/ 960A \/ 24kW, 27U (LAN standard, USB, RS232, GPIB, CAN, interfaccia di controllo analogica esterna)"}},"product_brand":[822],"product_cat":[517,515],"product_tag":[],"class_list":{"0":"post-10927","1":"product","2":"type-product","3":"status-publish","4":"has-post-thumbnail","6":"product_brand-itech","7":"product_cat-dc-load-en","8":"product_cat-power-en","9":"pa_current-a-946","10":"pa_output-number-146","11":"pa_power-w-633","12":"pa_remote-control-yes","13":"pa_voltage-v-922","15":"first","16":"instock","17":"taxable","18":"shipping-taxable","19":"product-type-simple"},"acf":[],"_links":{"self":[{"href":"https:\/\/yotavis.ch\/it\/wp-json\/wp\/v2\/product\/10927","targetHints":{"allow":["GET"]}}],"collection":[{"href":"https:\/\/yotavis.ch\/it\/wp-json\/wp\/v2\/product"}],"about":[{"href":"https:\/\/yotavis.ch\/it\/wp-json\/wp\/v2\/types\/product"}],"replies":[{"embeddable":true,"href":"https:\/\/yotavis.ch\/it\/wp-json\/wp\/v2\/comments?post=10927"}],"wp:featuredmedia":[{"embeddable":true,"href":"https:\/\/yotavis.ch\/it\/wp-json\/wp\/v2\/media\/12377"}],"wp:attachment":[{"href":"https:\/\/yotavis.ch\/it\/wp-json\/wp\/v2\/media?parent=10927"}],"wp:term":[{"taxonomy":"product_brand","embeddable":true,"href":"https:\/\/yotavis.ch\/it\/wp-json\/wp\/v2\/product_brand?post=10927"},{"taxonomy":"product_cat","embeddable":true,"href":"https:\/\/yotavis.ch\/it\/wp-json\/wp\/v2\/product_cat?post=10927"},{"taxonomy":"product_tag","embeddable":true,"href":"https:\/\/yotavis.ch\/it\/wp-json\/wp\/v2\/product_tag?post=10927"}],"curies":[{"name":"wp","href":"https:\/\/api.w.org\/{rel}","templated":true}]}}