{"id":10943,"date":"2025-10-09T00:00:00","date_gmt":"2025-10-08T22:00:00","guid":{"rendered":"https:\/\/yotavis.ch\/product\/it8942e-600-2400\/"},"modified":"2026-04-24T13:46:21","modified_gmt":"2026-04-24T11:46:21","slug":"it8942e-600-2400","status":"publish","type":"product","link":"https:\/\/yotavis.ch\/it\/prodotto\/it8942e-600-2400\/","title":{"rendered":"IT8942E-600-2400"},"content":{"rendered":"<p>L'IT8942E-600-2400 \u00e8 un carico elettronico CC progettato per gestire una tensione massima di 600 V e una corrente fino a 2400 A, con una capacit\u00e0 di potenza di 42 kW. Questo modello \u00e8 dotato di un singolo canale di uscita e supporta la funzionalit\u00e0 di controllo remoto, consentendo un funzionamento flessibile in vari ambienti di prova. \u00c8 alloggiato in uno chassis 37U e comprende diverse interfacce di comunicazione standard come LAN, USB, RS232, GPIB, CAN e un'interfaccia di controllo analogica esterna. Queste interfacce facilitano la perfetta integrazione con altre apparecchiature e consentono un controllo e un monitoraggio precisi. Il dispositivo \u00e8 prodotto da ITECH, un marchio noto per i suoi strumenti di test elettronici. La combinazione di tensione, corrente e potenza elevate rende questo carico elettronico adatto alle applicazioni pi\u00f9 esigenti che richiedono capacit\u00e0 di test di carico CC robuste e affidabili.<\/p>","protected":false},"excerpt":{"rendered":"<p>DC E-load 600V \/ 2400A \/ 42kW, 37U  (Standard LAN, USB, RS232, GPIB, CAN, external analog control interface)<\/p>","protected":false},"featured_media":12379,"comment_status":"closed","ping_status":"closed","template":"","meta":{"_acf_changed":false,"slim_seo":{"title":"IT8942E-600-2400 - YOTAVIS AG","description":"DC E-load 600V \/ 2400A \/ 42kW, 37U (LAN standard, USB, RS232, GPIB, CAN, interfaccia di controllo analogica esterna)"}},"product_brand":[822],"product_cat":[517,515],"product_tag":[],"class_list":{"0":"post-10943","1":"product","2":"type-product","3":"status-publish","4":"has-post-thumbnail","6":"product_brand-itech","7":"product_cat-dc-load-en","8":"product_cat-power-en","9":"pa_current-a-997","10":"pa_output-number-146","11":"pa_power-w-985","12":"pa_remote-control-yes","13":"pa_voltage-v-920","15":"first","16":"instock","17":"taxable","18":"shipping-taxable","19":"product-type-simple"},"acf":[],"_links":{"self":[{"href":"https:\/\/yotavis.ch\/it\/wp-json\/wp\/v2\/product\/10943","targetHints":{"allow":["GET"]}}],"collection":[{"href":"https:\/\/yotavis.ch\/it\/wp-json\/wp\/v2\/product"}],"about":[{"href":"https:\/\/yotavis.ch\/it\/wp-json\/wp\/v2\/types\/product"}],"replies":[{"embeddable":true,"href":"https:\/\/yotavis.ch\/it\/wp-json\/wp\/v2\/comments?post=10943"}],"wp:featuredmedia":[{"embeddable":true,"href":"https:\/\/yotavis.ch\/it\/wp-json\/wp\/v2\/media\/12379"}],"wp:attachment":[{"href":"https:\/\/yotavis.ch\/it\/wp-json\/wp\/v2\/media?parent=10943"}],"wp:term":[{"taxonomy":"product_brand","embeddable":true,"href":"https:\/\/yotavis.ch\/it\/wp-json\/wp\/v2\/product_brand?post=10943"},{"taxonomy":"product_cat","embeddable":true,"href":"https:\/\/yotavis.ch\/it\/wp-json\/wp\/v2\/product_cat?post=10943"},{"taxonomy":"product_tag","embeddable":true,"href":"https:\/\/yotavis.ch\/it\/wp-json\/wp\/v2\/product_tag?post=10943"}],"curies":[{"name":"wp","href":"https:\/\/api.w.org\/{rel}","templated":true}]}}