{"id":10944,"date":"2025-10-09T00:00:00","date_gmt":"2025-10-08T22:00:00","guid":{"rendered":"https:\/\/yotavis.ch\/product\/it8942a-1200-1680\/"},"modified":"2026-04-24T13:46:22","modified_gmt":"2026-04-24T11:46:22","slug":"it8942a-1200-1680","status":"publish","type":"product","link":"https:\/\/yotavis.ch\/it\/prodotto\/it8942a-1200-1680\/","title":{"rendered":"IT8942A-1200-1680"},"content":{"rendered":"<p>L'IT8942A-1200-1680 \u00e8 un carico elettronico CC progettato per gestire una tensione massima di 1200 V e una corrente fino a 1680 A, con una capacit\u00e0 di potenza di 42.000 watt. Questo modello \u00e8 dotato di un singolo canale di uscita e supporta la funzionalit\u00e0 di controllo remoto, consentendo un funzionamento flessibile in vari ambienti di test. \u00c8 alloggiato in uno chassis 37U e comprende diverse interfacce di comunicazione standard come LAN, USB, RS232, GPIB, CAN e un'interfaccia di controllo analogica esterna. Queste opzioni di connettivit\u00e0 facilitano l'integrazione con diversi sistemi di controllo e consentono una gestione precisa delle condizioni di carico. Il dispositivo \u00e8 prodotto da ITECH, un marchio noto per la produzione di apparecchiature elettroniche di test. Il suo design supporta applicazioni ad alta potenza che richiedono capacit\u00e0 di test di carico in corrente continua robuste e affidabili. La combinazione di valori nominali di tensione, corrente e potenza elevati lo rende adatto alle applicazioni industriali e di ricerca pi\u00f9 esigenti, in cui \u00e8 essenziale una simulazione accurata del carico.<\/p>","protected":false},"excerpt":{"rendered":"<p>DC E-load 1,200V \/ 1680A \/ 42kW, 37U  (Standard LAN, USB, RS232, GPIB, CAN, external analog control interface)<\/p>","protected":false},"featured_media":12379,"comment_status":"closed","ping_status":"closed","template":"","meta":{"_acf_changed":false,"slim_seo":{"title":"IT8942A-1200-1680 - YOTAVIS AG","description":"DC E-load 1.200V \/ 1680A \/ 42kW, 37U (LAN standard, USB, RS232, GPIB, CAN, interfaccia di controllo analogica esterna)"}},"product_brand":[822],"product_cat":[517,515],"product_tag":[],"class_list":{"0":"post-10944","1":"product","2":"type-product","3":"status-publish","4":"has-post-thumbnail","6":"product_brand-itech","7":"product_cat-dc-load-en","8":"product_cat-power-en","9":"pa_current-a-998","10":"pa_output-number-146","11":"pa_power-w-985","12":"pa_remote-control-yes","13":"pa_voltage-v-922","15":"first","16":"instock","17":"taxable","18":"shipping-taxable","19":"product-type-simple"},"acf":[],"_links":{"self":[{"href":"https:\/\/yotavis.ch\/it\/wp-json\/wp\/v2\/product\/10944","targetHints":{"allow":["GET"]}}],"collection":[{"href":"https:\/\/yotavis.ch\/it\/wp-json\/wp\/v2\/product"}],"about":[{"href":"https:\/\/yotavis.ch\/it\/wp-json\/wp\/v2\/types\/product"}],"replies":[{"embeddable":true,"href":"https:\/\/yotavis.ch\/it\/wp-json\/wp\/v2\/comments?post=10944"}],"wp:featuredmedia":[{"embeddable":true,"href":"https:\/\/yotavis.ch\/it\/wp-json\/wp\/v2\/media\/12379"}],"wp:attachment":[{"href":"https:\/\/yotavis.ch\/it\/wp-json\/wp\/v2\/media?parent=10944"}],"wp:term":[{"taxonomy":"product_brand","embeddable":true,"href":"https:\/\/yotavis.ch\/it\/wp-json\/wp\/v2\/product_brand?post=10944"},{"taxonomy":"product_cat","embeddable":true,"href":"https:\/\/yotavis.ch\/it\/wp-json\/wp\/v2\/product_cat?post=10944"},{"taxonomy":"product_tag","embeddable":true,"href":"https:\/\/yotavis.ch\/it\/wp-json\/wp\/v2\/product_tag?post=10944"}],"curies":[{"name":"wp","href":"https:\/\/api.w.org\/{rel}","templated":true}]}}