{"id":10959,"date":"2025-10-09T00:00:00","date_gmt":"2025-10-08T22:00:00","guid":{"rendered":"https:\/\/yotavis.ch\/product\/it7322\/"},"modified":"2026-04-24T13:46:29","modified_gmt":"2026-04-24T11:46:29","slug":"it7322","status":"publish","type":"product","link":"https:\/\/yotavis.ch\/it\/prodotto\/it7322\/","title":{"rendered":"IT7322"},"content":{"rendered":"<p>L'ITECH IT7322 \u00e8 un alimentatore CA in grado di erogare fino a 750VA con una tensione massima di 300V e una corrente di 6A. Supporta un singolo canale di uscita e opera in un intervallo di frequenza compreso tra 45 e 500 Hz. Questo modello \u00e8 dotato di interfacce di comunicazione standard, tra cui RS232, USB e LAN, che consentono opzioni di connettivit\u00e0 versatili. \u00c8 inclusa la funzionalit\u00e0 di controllo remoto, che consente agli utenti di gestire il dispositivo a distanza. L'alimentatore \u00e8 progettato per il funzionamento monofase e pu\u00f2 gestire correnti di 6A o 3A a seconda del livello di tensione. La sua capacit\u00e0 di frequenza massima raggiunge i 500 Hz, rendendolo adatto a varie applicazioni di alimentazione CA. Le specifiche dell'unit\u00e0 garantiscono una produzione di energia stabile e affidabile entro i parametri indicati.<\/p>","protected":false},"excerpt":{"rendered":"<p>Alimentatore CA 150V\/300V, 6A\/3A, 750VA 1\u03c6; RS232\/USB\/LAN standard; 45-500Hz<\/p>","protected":false},"featured_media":11951,"comment_status":"closed","ping_status":"closed","template":"","meta":{"_acf_changed":false,"slim_seo":{"title":"IT7322 - YOTAVIS AG","description":"Alimentatore CA 150V\/300V, 6A\/3A, 750VA 1\u03c6; RS232\/USB\/LAN standard; 45-500Hz"}},"product_brand":[822],"product_cat":[609,515],"product_tag":[],"class_list":{"0":"post-10959","1":"product","2":"type-product","3":"status-publish","4":"has-post-thumbnail","6":"product_brand-itech","7":"product_cat-ac-source-en","8":"product_cat-power-en","9":"pa_current-a-399","10":"pa_max-frequency-hz-1020","11":"pa_output-number-146","12":"pa_power-w-564","13":"pa_remote-control-yes","14":"pa_voltage-v-624","16":"first","17":"instock","18":"taxable","19":"shipping-taxable","20":"product-type-simple"},"acf":[],"_links":{"self":[{"href":"https:\/\/yotavis.ch\/it\/wp-json\/wp\/v2\/product\/10959","targetHints":{"allow":["GET"]}}],"collection":[{"href":"https:\/\/yotavis.ch\/it\/wp-json\/wp\/v2\/product"}],"about":[{"href":"https:\/\/yotavis.ch\/it\/wp-json\/wp\/v2\/types\/product"}],"replies":[{"embeddable":true,"href":"https:\/\/yotavis.ch\/it\/wp-json\/wp\/v2\/comments?post=10959"}],"wp:featuredmedia":[{"embeddable":true,"href":"https:\/\/yotavis.ch\/it\/wp-json\/wp\/v2\/media\/11951"}],"wp:attachment":[{"href":"https:\/\/yotavis.ch\/it\/wp-json\/wp\/v2\/media?parent=10959"}],"wp:term":[{"taxonomy":"product_brand","embeddable":true,"href":"https:\/\/yotavis.ch\/it\/wp-json\/wp\/v2\/product_brand?post=10959"},{"taxonomy":"product_cat","embeddable":true,"href":"https:\/\/yotavis.ch\/it\/wp-json\/wp\/v2\/product_cat?post=10959"},{"taxonomy":"product_tag","embeddable":true,"href":"https:\/\/yotavis.ch\/it\/wp-json\/wp\/v2\/product_tag?post=10959"}],"curies":[{"name":"wp","href":"https:\/\/api.w.org\/{rel}","templated":true}]}}