{"id":10990,"date":"2025-10-09T00:00:00","date_gmt":"2025-10-08T22:00:00","guid":{"rendered":"https:\/\/yotavis.ch\/product\/it7915-350-90\/"},"modified":"2026-04-24T13:46:50","modified_gmt":"2026-04-24T11:46:50","slug":"it7915-350-90","status":"publish","type":"product","link":"https:\/\/yotavis.ch\/it\/prodotto\/it7915-350-90\/","title":{"rendered":"IT7915-350-90"},"content":{"rendered":"<p>L'ITECH IT7915-350-90 \u00e8 un simulatore di rete CA progettato con una capacit\u00e0 di 15.000 watt, funzionante a una tensione di 350 volt e una corrente di 90 ampere. Questa unit\u00e0 master \u00e8 caratterizzata da un fattore di forma 3U, che la rende adatta all'integrazione in varie configurazioni. Fornisce un singolo canale di uscita e supporta la funzionalit\u00e0 di controllo remoto, consentendo un comodo funzionamento a distanza. Il dispositivo pu\u00f2 funzionare a una frequenza massima di 150 Hz, soddisfacendo una serie di requisiti di test e simulazione. Grazie alle sue specifiche robuste, l'IT7915-350-90 \u00e8 progettato per offrire prestazioni affidabili nelle applicazioni che richiedono una simulazione precisa della rete CA. La combinazione di potenza elevata e capacit\u00e0 di controllo remoto lo rende uno strumento versatile per i professionisti che lavorano con le reti elettriche e i sistemi correlati.<\/p>","protected":false},"excerpt":{"rendered":"<p>350V\/90A\/15kVA, simulatore di rete CA, formato 3U, unit\u00e0 master<\/p>","protected":false},"featured_media":11980,"comment_status":"closed","ping_status":"closed","template":"","meta":{"_acf_changed":false,"slim_seo":{"title":"IT7915-350-90 - YOTAVIS AG","description":"350V\/90A\/15kVA, simulatore di rete CA, formato 3U, unit\u00e0 master"}},"product_brand":[822],"product_cat":[515],"product_tag":[],"class_list":{"0":"post-10990","1":"product","2":"type-product","3":"status-publish","4":"has-post-thumbnail","6":"product_brand-itech","7":"product_cat-power-en","8":"pa_current-a-408","9":"pa_max-frequency-hz-1041","10":"pa_output-number-146","11":"pa_power-w-941","12":"pa_remote-control-yes","13":"pa_voltage-v-601","15":"first","16":"instock","17":"taxable","18":"shipping-taxable","19":"product-type-simple"},"acf":[],"_links":{"self":[{"href":"https:\/\/yotavis.ch\/it\/wp-json\/wp\/v2\/product\/10990","targetHints":{"allow":["GET"]}}],"collection":[{"href":"https:\/\/yotavis.ch\/it\/wp-json\/wp\/v2\/product"}],"about":[{"href":"https:\/\/yotavis.ch\/it\/wp-json\/wp\/v2\/types\/product"}],"replies":[{"embeddable":true,"href":"https:\/\/yotavis.ch\/it\/wp-json\/wp\/v2\/comments?post=10990"}],"wp:featuredmedia":[{"embeddable":true,"href":"https:\/\/yotavis.ch\/it\/wp-json\/wp\/v2\/media\/11980"}],"wp:attachment":[{"href":"https:\/\/yotavis.ch\/it\/wp-json\/wp\/v2\/media?parent=10990"}],"wp:term":[{"taxonomy":"product_brand","embeddable":true,"href":"https:\/\/yotavis.ch\/it\/wp-json\/wp\/v2\/product_brand?post=10990"},{"taxonomy":"product_cat","embeddable":true,"href":"https:\/\/yotavis.ch\/it\/wp-json\/wp\/v2\/product_cat?post=10990"},{"taxonomy":"product_tag","embeddable":true,"href":"https:\/\/yotavis.ch\/it\/wp-json\/wp\/v2\/product_tag?post=10990"}],"curies":[{"name":"wp","href":"https:\/\/api.w.org\/{rel}","templated":true}]}}