{"id":11010,"date":"2025-10-09T00:00:00","date_gmt":"2025-10-08T22:00:00","guid":{"rendered":"https:\/\/yotavis.ch\/product\/sas1000l\/"},"modified":"2026-04-24T13:47:04","modified_gmt":"2026-04-24T11:47:04","slug":"sas1000l","status":"publish","type":"product","link":"https:\/\/yotavis.ch\/it\/prodotto\/sas1000l\/","title":{"rendered":"SAS1000L"},"content":{"rendered":"<p>SAS1000L \u00e8 un software di simulazione di campi solari progettato per la compatibilit\u00e0 con gli alimentatori delle serie IT6500C, IT6000B e IT6000C con potenze fino a 15kW, nonch\u00e9 con il modello IT-M3600. Supporta una configurazione a canale singolo, consentendo attivit\u00e0 di simulazione mirate. Questo software \u00e8 prodotto dal marchio ITECH, specializzato in soluzioni di test e misurazione elettronica. Il SAS1000L facilita la simulazione delle caratteristiche dei campi solari, consentendo agli utenti di riprodurre il comportamento dei sistemi fotovoltaici in varie condizioni. Si integra perfettamente con la serie di alimentatori specificati, fornendo uno strumento affidabile per i test e lo sviluppo di applicazioni per l'energia solare. Il design del software supporta processi di simulazione efficienti e accurati, contribuendo alla valutazione e all'ottimizzazione dei sistemi di energia solare. La compatibilit\u00e0 con diverse serie di alimentatori lo rende un'opzione versatile per gli utenti che lavorano nell'intervallo di potenza specificato.<\/p>","protected":false},"excerpt":{"rendered":"<p>Software di simulazione di campi solari per le serie IT6500C\/IT6000B\/IT6000C (potenza\u226415kW), IT-M3600, 1 canale<\/p>","protected":false},"featured_media":12007,"comment_status":"closed","ping_status":"closed","template":"","meta":{"_acf_changed":false,"slim_seo":{"title":"SAS1000L - YOTAVIS AG","description":"Software di simulazione di campi solari per le serie IT6500C\/IT6000B\/IT6000C (potenza\u226415kW), IT-M3600, 1 canale"}},"product_brand":[822],"product_cat":[515,825],"product_tag":[],"class_list":{"0":"post-11010","1":"product","2":"type-product","3":"status-publish","4":"has-post-thumbnail","6":"product_brand-itech","7":"product_cat-power-en","8":"product_cat-software-power-en","10":"first","11":"instock","12":"taxable","13":"shipping-taxable","14":"product-type-simple"},"acf":[],"_links":{"self":[{"href":"https:\/\/yotavis.ch\/it\/wp-json\/wp\/v2\/product\/11010","targetHints":{"allow":["GET"]}}],"collection":[{"href":"https:\/\/yotavis.ch\/it\/wp-json\/wp\/v2\/product"}],"about":[{"href":"https:\/\/yotavis.ch\/it\/wp-json\/wp\/v2\/types\/product"}],"replies":[{"embeddable":true,"href":"https:\/\/yotavis.ch\/it\/wp-json\/wp\/v2\/comments?post=11010"}],"wp:featuredmedia":[{"embeddable":true,"href":"https:\/\/yotavis.ch\/it\/wp-json\/wp\/v2\/media\/12007"}],"wp:attachment":[{"href":"https:\/\/yotavis.ch\/it\/wp-json\/wp\/v2\/media?parent=11010"}],"wp:term":[{"taxonomy":"product_brand","embeddable":true,"href":"https:\/\/yotavis.ch\/it\/wp-json\/wp\/v2\/product_brand?post=11010"},{"taxonomy":"product_cat","embeddable":true,"href":"https:\/\/yotavis.ch\/it\/wp-json\/wp\/v2\/product_cat?post=11010"},{"taxonomy":"product_tag","embeddable":true,"href":"https:\/\/yotavis.ch\/it\/wp-json\/wp\/v2\/product_tag?post=11010"}],"curies":[{"name":"wp","href":"https:\/\/api.w.org\/{rel}","templated":true}]}}