{"id":11063,"date":"2025-10-09T00:00:00","date_gmt":"2025-10-08T22:00:00","guid":{"rendered":"https:\/\/yotavis.ch\/product\/it8513cg\/"},"modified":"2026-04-24T13:48:37","modified_gmt":"2026-04-24T11:48:37","slug":"it8513cg","status":"publish","type":"product","link":"https:\/\/yotavis.ch\/it\/prodotto\/it8513cg\/","title":{"rendered":"IT8513CG+"},"content":{"rendered":"<p>L'IT8513CG+ \u00e8 un carico elettronico CC in grado di gestire fino a 40 volt e 200 ampere con una potenza nominale di 600 watt. \u00c8 dotato di un singolo canale di uscita e supporta la funzionalit\u00e0 di controllo remoto, consentendo un comodo funzionamento a distanza. Il dispositivo include interfacce USB standard compatibili con i protocolli TMC e VCP, nonch\u00e9 una connessione LAN per l'integrazione in rete. Progettato da ITECH, questo carico elettronico \u00e8 adatto ad applicazioni che richiedono un controllo preciso della corrente e della tensione entro i limiti specificati. La combinazione delle sue specifiche di tensione, corrente e potenza lo rende adattabile a vari scenari di test e misura. Le sue opzioni di connettivit\u00e0 garantiscono la compatibilit\u00e0 con diversi sistemi di controllo e di acquisizione dati. Questo modello rappresenta una soluzione affidabile per la gestione dei carichi in corrente continua negli ambienti di test elettronici.<\/p>","protected":false},"excerpt":{"rendered":"<p>DC E-load 40V\/200A\/600W , standard USB (TMC &#038; VCP), LAN<\/p>","protected":false},"featured_media":12105,"comment_status":"closed","ping_status":"closed","template":"","meta":{"_acf_changed":false,"slim_seo":{"title":"IT8513CG+ - YOTAVIS AG","description":"DC E-load 40V\/200A\/600W , standard USB (TMC & VCP), LAN"}},"product_brand":[822],"product_cat":[517,515],"product_tag":[],"class_list":{"0":"post-11063","1":"product","2":"type-product","3":"status-publish","4":"has-post-thumbnail","6":"product_brand-itech","7":"product_cat-dc-load-en","8":"product_cat-power-en","9":"pa_current-a-480","10":"pa_output-number-146","11":"pa_power-w-582","12":"pa_remote-control-yes","13":"pa_voltage-v-152","15":"first","16":"instock","17":"taxable","18":"shipping-taxable","19":"product-type-simple"},"acf":[],"_links":{"self":[{"href":"https:\/\/yotavis.ch\/it\/wp-json\/wp\/v2\/product\/11063","targetHints":{"allow":["GET"]}}],"collection":[{"href":"https:\/\/yotavis.ch\/it\/wp-json\/wp\/v2\/product"}],"about":[{"href":"https:\/\/yotavis.ch\/it\/wp-json\/wp\/v2\/types\/product"}],"replies":[{"embeddable":true,"href":"https:\/\/yotavis.ch\/it\/wp-json\/wp\/v2\/comments?post=11063"}],"wp:featuredmedia":[{"embeddable":true,"href":"https:\/\/yotavis.ch\/it\/wp-json\/wp\/v2\/media\/12105"}],"wp:attachment":[{"href":"https:\/\/yotavis.ch\/it\/wp-json\/wp\/v2\/media?parent=11063"}],"wp:term":[{"taxonomy":"product_brand","embeddable":true,"href":"https:\/\/yotavis.ch\/it\/wp-json\/wp\/v2\/product_brand?post=11063"},{"taxonomy":"product_cat","embeddable":true,"href":"https:\/\/yotavis.ch\/it\/wp-json\/wp\/v2\/product_cat?post=11063"},{"taxonomy":"product_tag","embeddable":true,"href":"https:\/\/yotavis.ch\/it\/wp-json\/wp\/v2\/product_tag?post=11063"}],"curies":[{"name":"wp","href":"https:\/\/api.w.org\/{rel}","templated":true}]}}