{"id":11065,"date":"2025-10-09T00:00:00","date_gmt":"2025-10-08T22:00:00","guid":{"rendered":"https:\/\/yotavis.ch\/product\/it6721\/"},"modified":"2026-04-24T13:48:37","modified_gmt":"2026-04-24T11:48:37","slug":"it6721","status":"publish","type":"product","link":"https:\/\/yotavis.ch\/it\/prodotto\/it6721\/","title":{"rendered":"IT6721"},"content":{"rendered":"<p>L'ITECH IT6721 \u00e8 un alimentatore CC con una tensione di uscita massima di 60 volt e una corrente massima di 8 ampere. Fornisce una potenza totale di 180 watt attraverso un singolo canale di uscita. Questo modello non supporta la funzionalit\u00e0 di controllo remoto. Il dispositivo \u00e8 progettato per fornire una potenza CC stabile e regolabile entro i limiti di tensione e corrente specificati. \u00c8 adatto per applicazioni che richiedono un controllo preciso della tensione e della corrente fino ai valori massimi indicati. Il numero di uscite singole dell'alimentatore semplifica i collegamenti e l'utilizzo in vari ambienti di test e sviluppo.<\/p>","protected":false},"excerpt":{"rendered":"<p>ALIMENTATORE DC 0-60V\/0-8A\/180W<\/p>","protected":false},"featured_media":12113,"comment_status":"closed","ping_status":"closed","template":"","meta":{"_acf_changed":false,"slim_seo":{"title":"IT6721 - YOTAVIS AG","description":"ALIMENTATORE DC 0-60V\/0-8A\/180W"}},"product_brand":[822],"product_cat":[516,515],"product_tag":[],"class_list":{"0":"post-11065","1":"product","2":"type-product","3":"status-publish","4":"has-post-thumbnail","6":"product_brand-itech","7":"product_cat-dc-source-en","8":"product_cat-power-en","9":"pa_current-a-394","10":"pa_output-number-146","11":"pa_power-w-409","12":"pa_remote-control-no","13":"pa_voltage-v-314","15":"first","16":"instock","17":"taxable","18":"shipping-taxable","19":"product-type-simple"},"acf":[],"_links":{"self":[{"href":"https:\/\/yotavis.ch\/it\/wp-json\/wp\/v2\/product\/11065","targetHints":{"allow":["GET"]}}],"collection":[{"href":"https:\/\/yotavis.ch\/it\/wp-json\/wp\/v2\/product"}],"about":[{"href":"https:\/\/yotavis.ch\/it\/wp-json\/wp\/v2\/types\/product"}],"replies":[{"embeddable":true,"href":"https:\/\/yotavis.ch\/it\/wp-json\/wp\/v2\/comments?post=11065"}],"wp:featuredmedia":[{"embeddable":true,"href":"https:\/\/yotavis.ch\/it\/wp-json\/wp\/v2\/media\/12113"}],"wp:attachment":[{"href":"https:\/\/yotavis.ch\/it\/wp-json\/wp\/v2\/media?parent=11065"}],"wp:term":[{"taxonomy":"product_brand","embeddable":true,"href":"https:\/\/yotavis.ch\/it\/wp-json\/wp\/v2\/product_brand?post=11065"},{"taxonomy":"product_cat","embeddable":true,"href":"https:\/\/yotavis.ch\/it\/wp-json\/wp\/v2\/product_cat?post=11065"},{"taxonomy":"product_tag","embeddable":true,"href":"https:\/\/yotavis.ch\/it\/wp-json\/wp\/v2\/product_tag?post=11065"}],"curies":[{"name":"wp","href":"https:\/\/api.w.org\/{rel}","templated":true}]}}