{"id":11104,"date":"2025-10-09T00:00:00","date_gmt":"2025-10-08T22:00:00","guid":{"rendered":"https:\/\/yotavis.ch\/product\/it-m7721l\/"},"modified":"2026-04-24T13:48:57","modified_gmt":"2026-04-24T11:48:57","slug":"it-m7721l","status":"publish","type":"product","link":"https:\/\/yotavis.ch\/it\/prodotto\/it-m7721l\/","title":{"rendered":"IT-M7721L"},"content":{"rendered":"<p>L'IT-M7721L \u00e8 un alimentatore CA\/CC con una potenza nominale di 300 watt, in grado di erogare fino a 3 ampere di corrente a una tensione di 300 volt. \u00c8 dotato di un singolo canale di uscita e supporta la funzionalit\u00e0 di controllo remoto, consentendo un comodo funzionamento a distanza. Il dispositivo \u00e8 progettato per essere inserito in un mezzo rack 1U, rendendolo adatto all'integrazione in rack di apparecchiature standard. Funziona con una frequenza massima di 100 Hz, garantendo la compatibilit\u00e0 con varie applicazioni che richiedono un'erogazione di potenza stabile. Prodotto da ITECH, questo alimentatore combina specifiche elettriche essenziali con un fattore di forma compatto. Il suo design supporta sia l'uscita di alimentazione CA che quella CC, offrendo versatilit\u00e0 per le diverse esigenze di test e di funzionamento. L'inclusione del controllo remoto ne aumenta l'utilizzabilit\u00e0 in ambienti automatizzati o controllati.<\/p>","protected":false},"excerpt":{"rendered":"<p>Alimentazione AC\/DC 300V\/3A\/300VA; mezzo rack 1U<\/p>","protected":false},"featured_media":11965,"comment_status":"closed","ping_status":"closed","template":"","meta":{"_acf_changed":false,"slim_seo":{"title":"IT-M7721L - YOTAVIS AG","description":"Alimentazione AC\/DC 300V\/3A\/300VA; mezzo rack 1U"}},"product_brand":[822],"product_cat":[625,515],"product_tag":[],"class_list":{"0":"post-11104","1":"product","2":"type-product","3":"status-publish","4":"has-post-thumbnail","6":"product_brand-itech","7":"product_cat-ac-dc-source-en","8":"product_cat-power-en","9":"pa_current-a-485","10":"pa_max-frequency-hz-1043","11":"pa_output-number-146","12":"pa_power-w-416","13":"pa_remote-control-yes","14":"pa_voltage-v-624","16":"first","17":"instock","18":"taxable","19":"shipping-taxable","20":"product-type-simple"},"acf":[],"_links":{"self":[{"href":"https:\/\/yotavis.ch\/it\/wp-json\/wp\/v2\/product\/11104","targetHints":{"allow":["GET"]}}],"collection":[{"href":"https:\/\/yotavis.ch\/it\/wp-json\/wp\/v2\/product"}],"about":[{"href":"https:\/\/yotavis.ch\/it\/wp-json\/wp\/v2\/types\/product"}],"replies":[{"embeddable":true,"href":"https:\/\/yotavis.ch\/it\/wp-json\/wp\/v2\/comments?post=11104"}],"wp:featuredmedia":[{"embeddable":true,"href":"https:\/\/yotavis.ch\/it\/wp-json\/wp\/v2\/media\/11965"}],"wp:attachment":[{"href":"https:\/\/yotavis.ch\/it\/wp-json\/wp\/v2\/media?parent=11104"}],"wp:term":[{"taxonomy":"product_brand","embeddable":true,"href":"https:\/\/yotavis.ch\/it\/wp-json\/wp\/v2\/product_brand?post=11104"},{"taxonomy":"product_cat","embeddable":true,"href":"https:\/\/yotavis.ch\/it\/wp-json\/wp\/v2\/product_cat?post=11104"},{"taxonomy":"product_tag","embeddable":true,"href":"https:\/\/yotavis.ch\/it\/wp-json\/wp\/v2\/product_tag?post=11104"}],"curies":[{"name":"wp","href":"https:\/\/api.w.org\/{rel}","templated":true}]}}