{"id":12429,"date":"2025-10-09T00:00:00","date_gmt":"2025-10-08T22:00:00","guid":{"rendered":"https:\/\/yotavis.ch\/product\/pxz20k-500\/"},"modified":"2026-04-24T13:37:01","modified_gmt":"2026-04-24T11:37:01","slug":"pxz20k-500","status":"publish","type":"product","link":"https:\/\/yotavis.ch\/it\/prodotto\/pxz20k-500\/","title":{"rendered":"PXZ20K-500"},"content":{"rendered":"<p>Il PXZ20K-500 \u00e8 un carico elettronico rigenerativo in corrente continua con una potenza di 20.000 watt. Funziona in un intervallo di tensione compreso tra 10 e 500 volt e supporta una corrente massima di 120 ampere. Questo dispositivo \u00e8 progettato con un singolo numero di uscita, che consente di eseguire test di carico mirati ed efficienti. \u00c8 dotato di controllo remoto, che consente agli utenti di azionare l'apparecchiatura a distanza per comodit\u00e0 e sicurezza. Prodotto da Kikusui, il PXZ20K-500 \u00e8 costruito per gestire con precisione applicazioni ad alta potenza. La combinazione delle sue specifiche di tensione e corrente lo rende adatto a una variet\u00e0 di scenari di test in cui \u00e8 richiesta una simulazione accurata del carico. Questo carico elettronico \u00e8 stato progettato per fornire prestazioni affidabili in ambienti difficili.<\/p>","protected":false},"excerpt":{"rendered":"<p>Carico elettronico CC rigenerativo: 20kW, da 10 a 500V, 120A<\/p>","protected":false},"featured_media":13232,"comment_status":"closed","ping_status":"closed","template":"","meta":{"_acf_changed":false,"slim_seo":{"title":"PXZ20K-500 - YOTAVIS AG","description":"Carico elettronico CC rigenerativo: 20kW, da 10 a 500V, 120A"}},"product_brand":[551],"product_cat":[1014,515],"product_tag":[],"class_list":{"0":"post-12429","1":"product","2":"type-product","3":"status-publish","4":"has-post-thumbnail","6":"product_brand-kikusui","7":"product_cat-dc-load","8":"product_cat-power-en","9":"pa_current-a-559","10":"pa_output-number-146","11":"pa_power-w-640","12":"pa_remote-control-yes","13":"pa_voltage-v-604","15":"first","16":"instock","17":"taxable","18":"shipping-taxable","19":"product-type-simple"},"acf":[],"_links":{"self":[{"href":"https:\/\/yotavis.ch\/it\/wp-json\/wp\/v2\/product\/12429","targetHints":{"allow":["GET"]}}],"collection":[{"href":"https:\/\/yotavis.ch\/it\/wp-json\/wp\/v2\/product"}],"about":[{"href":"https:\/\/yotavis.ch\/it\/wp-json\/wp\/v2\/types\/product"}],"replies":[{"embeddable":true,"href":"https:\/\/yotavis.ch\/it\/wp-json\/wp\/v2\/comments?post=12429"}],"wp:featuredmedia":[{"embeddable":true,"href":"https:\/\/yotavis.ch\/it\/wp-json\/wp\/v2\/media\/13232"}],"wp:attachment":[{"href":"https:\/\/yotavis.ch\/it\/wp-json\/wp\/v2\/media?parent=12429"}],"wp:term":[{"taxonomy":"product_brand","embeddable":true,"href":"https:\/\/yotavis.ch\/it\/wp-json\/wp\/v2\/product_brand?post=12429"},{"taxonomy":"product_cat","embeddable":true,"href":"https:\/\/yotavis.ch\/it\/wp-json\/wp\/v2\/product_cat?post=12429"},{"taxonomy":"product_tag","embeddable":true,"href":"https:\/\/yotavis.ch\/it\/wp-json\/wp\/v2\/product_tag?post=12429"}],"curies":[{"name":"wp","href":"https:\/\/api.w.org\/{rel}","templated":true}]}}