{"id":12434,"date":"2025-10-09T00:00:00","date_gmt":"2025-10-08T22:00:00","guid":{"rendered":"https:\/\/yotavis.ch\/product\/pxt20k-1500\/"},"modified":"2026-04-24T13:37:02","modified_gmt":"2026-04-24T11:37:02","slug":"pxt20k-1500","status":"publish","type":"product","link":"https:\/\/yotavis.ch\/it\/prodotto\/pxt20k-1500\/","title":{"rendered":"PXT20K-1500"},"content":{"rendered":"<p>Il Kikusui PXT20K-1500 \u00e8 un alimentatore ad alta capacit\u00e0 con un'ampia gamma operativa, in grado di erogare fino a 20.000 watt di potenza. Supporta tensioni da 0 a 1500 volt e pu\u00f2 fornire una corrente massima di 30 ampere. Questo modello \u00e8 dotato di un singolo canale di uscita, che consente un'erogazione mirata della potenza. \u00c8 inclusa la funzionalit\u00e0 di controllo remoto, che consente il funzionamento a distanza per comodit\u00e0 e flessibilit\u00e0. Il dispositivo \u00e8 progettato per gestire requisiti di potenza sostanziali, rendendolo adatto ad applicazioni che richiedono livelli di tensione e corrente elevati. Le sue specifiche evidenziano la capacit\u00e0 di gestire in modo efficiente carichi elettrici significativi. La combinazione di potenza elevata e funzionalit\u00e0 di controllo remoto lo rende uno strumento versatile per vari ambienti industriali e di test.<\/p>","protected":false},"excerpt":{"rendered":"<p>Alta capacit\u00e0, ampia gamma 20kW, da 0 a 1500V<\/p>","protected":false},"featured_media":13236,"comment_status":"closed","ping_status":"closed","template":"","meta":{"_acf_changed":false,"slim_seo":{"title":"PXT20K-1500 - YOTAVIS AG","description":"Alta capacit\u00e0, ampia gamma 20kW, da 0 a 1500V"}},"product_brand":[551],"product_cat":[516,515],"product_tag":[],"class_list":{"0":"post-12434","1":"product","2":"type-product","3":"status-publish","4":"has-post-thumbnail","6":"product_brand-kikusui","7":"product_cat-dc-source-en","8":"product_cat-power-en","9":"pa_current-a-404","10":"pa_output-number-146","11":"pa_power-w-640","12":"pa_remote-control-yes","13":"pa_voltage-v-928","15":"first","16":"instock","17":"taxable","18":"shipping-taxable","19":"product-type-simple"},"acf":[],"_links":{"self":[{"href":"https:\/\/yotavis.ch\/it\/wp-json\/wp\/v2\/product\/12434","targetHints":{"allow":["GET"]}}],"collection":[{"href":"https:\/\/yotavis.ch\/it\/wp-json\/wp\/v2\/product"}],"about":[{"href":"https:\/\/yotavis.ch\/it\/wp-json\/wp\/v2\/types\/product"}],"replies":[{"embeddable":true,"href":"https:\/\/yotavis.ch\/it\/wp-json\/wp\/v2\/comments?post=12434"}],"wp:featuredmedia":[{"embeddable":true,"href":"https:\/\/yotavis.ch\/it\/wp-json\/wp\/v2\/media\/13236"}],"wp:attachment":[{"href":"https:\/\/yotavis.ch\/it\/wp-json\/wp\/v2\/media?parent=12434"}],"wp:term":[{"taxonomy":"product_brand","embeddable":true,"href":"https:\/\/yotavis.ch\/it\/wp-json\/wp\/v2\/product_brand?post=12434"},{"taxonomy":"product_cat","embeddable":true,"href":"https:\/\/yotavis.ch\/it\/wp-json\/wp\/v2\/product_cat?post=12434"},{"taxonomy":"product_tag","embeddable":true,"href":"https:\/\/yotavis.ch\/it\/wp-json\/wp\/v2\/product_tag?post=12434"}],"curies":[{"name":"wp","href":"https:\/\/api.w.org\/{rel}","templated":true}]}}