{"id":12554,"date":"2025-10-09T00:00:00","date_gmt":"2025-10-08T22:00:00","guid":{"rendered":"https:\/\/yotavis.ch\/product\/splicer-t-502s-kit\/"},"modified":"2026-04-24T13:49:49","modified_gmt":"2026-04-24T11:49:49","slug":"splicer-t-502s-kit","status":"publish","type":"product","link":"https:\/\/yotavis.ch\/it\/prodotto\/splicer-t-502s-kit\/","title":{"rendered":"Giuntatrice\/T-502S-KIT"},"content":{"rendered":"<p>Lo Splicer\/T-502S-KIT \u00e8 uno splicer a fusione con allineamento attivo del clad prodotto da Sumitomo. Questo dispositivo \u00e8 stato progettato per fornire una giunzione in fibra ottica precisa e affidabile grazie alla tecnologia di allineamento attivo del clad. \u00c8 stato progettato per garantire un allineamento accurato dei nuclei di fibra durante il processo di fusione, che \u00e8 fondamentale per ridurre al minimo la perdita di segnale e mantenere prestazioni ottimali nelle reti in fibra ottica. Il kit comprende tutti i componenti necessari per facilitare le operazioni di giunzione. L'esperienza di Sumitomo nella tecnologia delle fibre ottiche si riflette nel design e nella funzionalit\u00e0 di questa giuntatrice, rendendola adatta all'uso professionale in varie applicazioni di telecomunicazione e comunicazione dati. Lo Splicer\/T-502S-KIT supporta giunzioni di alta qualit\u00e0 con particolare attenzione alla durata e alla facilit\u00e0 d'uso. \u00c8 uno strumento specializzato destinato a tecnici e ingegneri che lavorano con i cavi in fibra ottica.<\/p>","protected":false},"excerpt":{"rendered":"<p>Giuntatrice a fusione con allineamento attivo del clad Elite<\/p>","protected":false},"featured_media":13255,"comment_status":"closed","ping_status":"closed","template":"","meta":{"_acf_changed":false,"slim_seo":{"title":"Splicer\/T-502S-KIT - YOTAVIS AG","description":"Giuntatrice a fusione con allineamento attivo del clad Elite"}},"product_brand":[1075],"product_cat":[1035,1076],"product_tag":[],"class_list":{"0":"post-12554","1":"product","2":"type-product","3":"status-publish","4":"has-post-thumbnail","6":"product_brand-sumitomo","7":"product_cat-optical","8":"product_cat-splicer","10":"first","11":"instock","12":"taxable","13":"shipping-taxable","14":"product-type-simple"},"acf":[],"_links":{"self":[{"href":"https:\/\/yotavis.ch\/it\/wp-json\/wp\/v2\/product\/12554","targetHints":{"allow":["GET"]}}],"collection":[{"href":"https:\/\/yotavis.ch\/it\/wp-json\/wp\/v2\/product"}],"about":[{"href":"https:\/\/yotavis.ch\/it\/wp-json\/wp\/v2\/types\/product"}],"replies":[{"embeddable":true,"href":"https:\/\/yotavis.ch\/it\/wp-json\/wp\/v2\/comments?post=12554"}],"wp:featuredmedia":[{"embeddable":true,"href":"https:\/\/yotavis.ch\/it\/wp-json\/wp\/v2\/media\/13255"}],"wp:attachment":[{"href":"https:\/\/yotavis.ch\/it\/wp-json\/wp\/v2\/media?parent=12554"}],"wp:term":[{"taxonomy":"product_brand","embeddable":true,"href":"https:\/\/yotavis.ch\/it\/wp-json\/wp\/v2\/product_brand?post=12554"},{"taxonomy":"product_cat","embeddable":true,"href":"https:\/\/yotavis.ch\/it\/wp-json\/wp\/v2\/product_cat?post=12554"},{"taxonomy":"product_tag","embeddable":true,"href":"https:\/\/yotavis.ch\/it\/wp-json\/wp\/v2\/product_tag?post=12554"}],"curies":[{"name":"wp","href":"https:\/\/api.w.org\/{rel}","templated":true}]}}