{"id":12565,"date":"2025-10-09T00:00:00","date_gmt":"2025-10-08T22:00:00","guid":{"rendered":"https:\/\/yotavis.ch\/product\/blade-rotating\/"},"modified":"2026-04-24T13:49:55","modified_gmt":"2026-04-24T11:49:55","slug":"blade-rotating","status":"publish","type":"product","link":"https:\/\/yotavis.ch\/it\/prodotto\/blade-rotating\/","title":{"rendered":"Lama rotante"},"content":{"rendered":"<p>Il prodotto Blade Rotating, identificato come Blade\/FCP-20BL(7R)\/Rotating\/FC-6R, FC-7R e FC-8R, \u00e8 prodotto da Sumitomo. Questo prodotto \u00e8 stato progettato per essere compatibile con i modelli FC-6R, FC-7R e FC-8R, il che indica la sua adattabilit\u00e0 a questa gamma. La designazione \u201crotante\u201d suggerisce una caratteristica legata al movimento o alla regolazione, probabilmente relativa al componente della lama. Il codice prodotto FCP-20BL(7R) specifica il modello particolare all'interno della categoria delle lame rotanti. Sumitomo, come marchio, \u00e8 associato a questo prodotto, fornendo un punto di riferimento per gli standard di qualit\u00e0 e produzione. Per questo articolo non vengono fornite ulteriori specifiche tecniche quali potenza, tensione, corrente o frequenza. La descrizione si concentra sull'identificazione e sulla compatibilit\u00e0 del prodotto piuttosto che sui parametri operativi dettagliati.<\/p>","protected":false},"excerpt":{"rendered":"<p>Lama\/FCP-20BL(7R)\/Rotante\/FC-6R, FC-7R e FC-8R<\/p>","protected":false},"featured_media":13342,"comment_status":"closed","ping_status":"closed","template":"","meta":{"_acf_changed":false,"slim_seo":{"title":"Blade Rotating - YOTAVIS AG","description":"Lama\/FCP-20BL(7R)\/Rotante\/FC-6R, FC-7R e FC-8R"}},"product_brand":[1075],"product_cat":[1035,1078],"product_tag":[],"class_list":{"0":"post-12565","1":"product","2":"type-product","3":"status-publish","4":"has-post-thumbnail","6":"product_brand-sumitomo","7":"product_cat-optical","8":"product_cat-others-optical","10":"first","11":"instock","12":"taxable","13":"shipping-taxable","14":"product-type-simple"},"acf":[],"_links":{"self":[{"href":"https:\/\/yotavis.ch\/it\/wp-json\/wp\/v2\/product\/12565","targetHints":{"allow":["GET"]}}],"collection":[{"href":"https:\/\/yotavis.ch\/it\/wp-json\/wp\/v2\/product"}],"about":[{"href":"https:\/\/yotavis.ch\/it\/wp-json\/wp\/v2\/types\/product"}],"replies":[{"embeddable":true,"href":"https:\/\/yotavis.ch\/it\/wp-json\/wp\/v2\/comments?post=12565"}],"wp:featuredmedia":[{"embeddable":true,"href":"https:\/\/yotavis.ch\/it\/wp-json\/wp\/v2\/media\/13342"}],"wp:attachment":[{"href":"https:\/\/yotavis.ch\/it\/wp-json\/wp\/v2\/media?parent=12565"}],"wp:term":[{"taxonomy":"product_brand","embeddable":true,"href":"https:\/\/yotavis.ch\/it\/wp-json\/wp\/v2\/product_brand?post=12565"},{"taxonomy":"product_cat","embeddable":true,"href":"https:\/\/yotavis.ch\/it\/wp-json\/wp\/v2\/product_cat?post=12565"},{"taxonomy":"product_tag","embeddable":true,"href":"https:\/\/yotavis.ch\/it\/wp-json\/wp\/v2\/product_tag?post=12565"}],"curies":[{"name":"wp","href":"https:\/\/api.w.org\/{rel}","templated":true}]}}