{"id":12571,"date":"2025-10-09T00:00:00","date_gmt":"2025-10-08T22:00:00","guid":{"rendered":"https:\/\/yotavis.ch\/product\/xplora-core\/"},"modified":"2026-04-24T13:49:57","modified_gmt":"2026-04-24T11:49:57","slug":"xplora-core","status":"publish","type":"product","link":"https:\/\/yotavis.ch\/it\/prodotto\/xplora-core\/","title":{"rendered":"Nucleo XPLORA"},"content":{"rendered":"<p>XPLORA Core \u00e8 un software di simulazione GNSS sviluppato da OHB Austria. Questo prodotto \u00e8 stato progettato per simulare i segnali del sistema globale di navigazione satellitare, fornendo una piattaforma per scopi di test e sviluppo. Essendo una soluzione software, non specifica potenza, tensione, corrente o altri parametri relativi all'hardware. XPLORA Core si concentra sulla fornitura di accurate capacit\u00e0 di simulazione del segnale GNSS, supportando vari scenari di test. \u00c8 destinato all'uso in ambienti in cui \u00e8 richiesta un'emulazione precisa del segnale GNSS. Il software fa parte della gamma di prodotti tecnologici di OHB Austria volti a migliorare i sistemi di navigazione e comunicazione satellitare.<\/p>","protected":false},"excerpt":{"rendered":"<p>Il software di simulazione GNSS<\/p>","protected":false},"featured_media":13474,"comment_status":"closed","ping_status":"closed","template":"","meta":{"_acf_changed":false,"slim_seo":{"title":"XPLORA Core - YOTAVIS AG","description":"Il software di simulazione GNSS"}},"product_brand":[1082],"product_cat":[526,651],"product_tag":[],"class_list":{"0":"post-12571","1":"product","2":"type-product","3":"status-publish","4":"has-post-thumbnail","6":"product_brand-ohb-austria","7":"product_cat-accessories","8":"product_cat-software","10":"first","11":"instock","12":"taxable","13":"shipping-taxable","14":"product-type-simple"},"acf":[],"_links":{"self":[{"href":"https:\/\/yotavis.ch\/it\/wp-json\/wp\/v2\/product\/12571","targetHints":{"allow":["GET"]}}],"collection":[{"href":"https:\/\/yotavis.ch\/it\/wp-json\/wp\/v2\/product"}],"about":[{"href":"https:\/\/yotavis.ch\/it\/wp-json\/wp\/v2\/types\/product"}],"replies":[{"embeddable":true,"href":"https:\/\/yotavis.ch\/it\/wp-json\/wp\/v2\/comments?post=12571"}],"wp:featuredmedia":[{"embeddable":true,"href":"https:\/\/yotavis.ch\/it\/wp-json\/wp\/v2\/media\/13474"}],"wp:attachment":[{"href":"https:\/\/yotavis.ch\/it\/wp-json\/wp\/v2\/media?parent=12571"}],"wp:term":[{"taxonomy":"product_brand","embeddable":true,"href":"https:\/\/yotavis.ch\/it\/wp-json\/wp\/v2\/product_brand?post=12571"},{"taxonomy":"product_cat","embeddable":true,"href":"https:\/\/yotavis.ch\/it\/wp-json\/wp\/v2\/product_cat?post=12571"},{"taxonomy":"product_tag","embeddable":true,"href":"https:\/\/yotavis.ch\/it\/wp-json\/wp\/v2\/product_tag?post=12571"}],"curies":[{"name":"wp","href":"https:\/\/api.w.org\/{rel}","templated":true}]}}