{"id":12575,"date":"2025-10-09T00:00:00","date_gmt":"2025-10-08T22:00:00","guid":{"rendered":"https:\/\/yotavis.ch\/product\/navtd-m23\/"},"modified":"2026-04-24T13:49:58","modified_gmt":"2026-04-24T11:49:58","slug":"navtd-m23","status":"publish","type":"product","link":"https:\/\/yotavis.ch\/it\/prodotto\/navtd-m23\/","title":{"rendered":"NavTD M23"},"content":{"rendered":"<p>Il NavTD M23 \u00e8 identificato come Navigation Warfare Testing Device ed \u00e8 prodotto da OHB Austria. Questo prodotto \u00e8 stato progettato specificamente per applicazioni di test di navigazione bellica. Porta il marchio OHB Austria, che ne indica l'origine e il produttore. Per questo dispositivo non vengono fornite ulteriori specifiche tecniche quali potenza, tensione, corrente, frequenza, canali, larghezza di banda o dettagli sulla memoria. La descrizione si concentra esclusivamente sulla denominazione e sul marchio, senza ulteriori approfondimenti su caratteristiche o capacit\u00e0.<\/p>","protected":false},"excerpt":{"rendered":"<p>Il dispositivo di prova per la guerra di navigazione<\/p>","protected":false},"featured_media":13486,"comment_status":"closed","ping_status":"closed","template":"","meta":{"_acf_changed":false,"slim_seo":{"title":"NavTD M23 - YOTAVIS AG","description":"Il dispositivo di prova per la guerra di navigazione"}},"product_brand":[1082],"product_cat":[510,1083],"product_tag":[],"class_list":{"0":"post-12575","1":"product","2":"type-product","3":"status-publish","4":"has-post-thumbnail","6":"product_brand-ohb-austria","7":"product_cat-others-en","8":"product_cat-simulator-emulator","10":"first","11":"instock","12":"taxable","13":"shipping-taxable","14":"product-type-simple"},"acf":[],"_links":{"self":[{"href":"https:\/\/yotavis.ch\/it\/wp-json\/wp\/v2\/product\/12575","targetHints":{"allow":["GET"]}}],"collection":[{"href":"https:\/\/yotavis.ch\/it\/wp-json\/wp\/v2\/product"}],"about":[{"href":"https:\/\/yotavis.ch\/it\/wp-json\/wp\/v2\/types\/product"}],"replies":[{"embeddable":true,"href":"https:\/\/yotavis.ch\/it\/wp-json\/wp\/v2\/comments?post=12575"}],"wp:featuredmedia":[{"embeddable":true,"href":"https:\/\/yotavis.ch\/it\/wp-json\/wp\/v2\/media\/13486"}],"wp:attachment":[{"href":"https:\/\/yotavis.ch\/it\/wp-json\/wp\/v2\/media?parent=12575"}],"wp:term":[{"taxonomy":"product_brand","embeddable":true,"href":"https:\/\/yotavis.ch\/it\/wp-json\/wp\/v2\/product_brand?post=12575"},{"taxonomy":"product_cat","embeddable":true,"href":"https:\/\/yotavis.ch\/it\/wp-json\/wp\/v2\/product_cat?post=12575"},{"taxonomy":"product_tag","embeddable":true,"href":"https:\/\/yotavis.ch\/it\/wp-json\/wp\/v2\/product_tag?post=12575"}],"curies":[{"name":"wp","href":"https:\/\/api.w.org\/{rel}","templated":true}]}}